{"id":21007,"date":"2015-12-08T10:39:57","date_gmt":"2015-12-08T08:39:57","guid":{"rendered":"http:\/\/www.estonianspas.eu\/en\/eesti-spaade-kaart\/"},"modified":"2017-12-19T16:43:46","modified_gmt":"2017-12-19T14:43:46","slug":"spa-locations-estonia","status":"publish","type":"page","link":"https:\/\/www.estonianspas.eu\/en\/spa-locations-estonia\/","title":{"rendered":"Spa locations in Estonia"},"content":{"rendered":"<p>Price-worthy health care stone\u00b4s throw away.<br \/>\n<iframe loading=\"lazy\" src=\"https:\/\/www.google.com\/maps\/d\/embed?mid=1M5cFrDuErqNmuQYHZ9S0BGP-tDM\" width=\"100%\" height=\"600\"><span data-mce-type=\"bookmark\" style=\"display: inline-block; width: 0px; overflow: hidden; line-height: 0;\" class=\"mce_SELRES_start\">\ufeff<\/span><\/iframe><\/p>\n","protected":false},"excerpt":{"rendered":"<p>Price-worthy health care stone\u00b4s throw away. \ufeff<\/p>\n","protected":false},"author":17,"featured_media":0,"parent":0,"menu_order":0,"comment_status":"open","ping_status":"open","template":"page-fullwidth.php","meta":{"_acf_changed":false,"footnotes":""},"acf":[],"yoast_head":"<!-- This site is optimized with the Yoast SEO plugin v22.8 - https:\/\/yoast.com\/wordpress\/plugins\/seo\/ -->\n<title>Eesti spaade asukohad - Eesti Spaad \u00fchel kaardil<\/title>\n<meta name=\"description\" content=\"Eesti spaade asukohad \u00fchel kaardil - L\u00f5una-, Ida, L\u00e4\u00e4ne- ja P\u00f5hja-Eestis. Broneeri spaad koos hoolitsustega ja ravipakettidega online.\" \/>\n<meta name=\"robots\" content=\"index, follow, max-snippet:-1, max-image-preview:large, max-video-preview:-1\" \/>\n<link rel=\"canonical\" href=\"https:\/\/www.estonianspas.eu\/en\/spa-locations-estonia\/\" \/>\n<meta property=\"og:locale\" content=\"en_US\" \/>\n<meta property=\"og:type\" content=\"article\" \/>\n<meta property=\"og:title\" content=\"Eesti spaade asukohad - Eesti Spaad \u00fchel kaardil\" \/>\n<meta property=\"og:description\" content=\"Eesti spaade asukohad \u00fchel kaardil - L\u00f5una-, Ida, L\u00e4\u00e4ne- ja P\u00f5hja-Eestis. Broneeri spaad koos hoolitsustega ja ravipakettidega online.\" \/>\n<meta property=\"og:url\" content=\"https:\/\/www.estonianspas.eu\/en\/spa-locations-estonia\/\" \/>\n<meta property=\"og:site_name\" content=\"Estonian Spa Association\" \/>\n<meta property=\"article:modified_time\" content=\"2017-12-19T14:43:46+00:00\" \/>\n<script type=\"application\/ld+json\" class=\"yoast-schema-graph\">{\"@context\":\"https:\/\/schema.org\",\"@graph\":[{\"@type\":\"WebPage\",\"@id\":\"https:\/\/www.estonianspas.eu\/en\/spa-locations-estonia\/\",\"url\":\"https:\/\/www.estonianspas.eu\/en\/spa-locations-estonia\/\",\"name\":\"Eesti spaade asukohad - Eesti Spaad \u00fchel kaardil\",\"isPartOf\":{\"@id\":\"https:\/\/www.estonianspas.eu\/#website\"},\"datePublished\":\"2015-12-08T08:39:57+00:00\",\"dateModified\":\"2017-12-19T14:43:46+00:00\",\"description\":\"Eesti spaade asukohad \u00fchel kaardil - L\u00f5una-, Ida, L\u00e4\u00e4ne- ja P\u00f5hja-Eestis. Broneeri spaad koos hoolitsustega ja ravipakettidega online.\",\"breadcrumb\":{\"@id\":\"https:\/\/www.estonianspas.eu\/en\/spa-locations-estonia\/#breadcrumb\"},\"inLanguage\":\"en-US\",\"potentialAction\":[{\"@type\":\"ReadAction\",\"target\":[\"https:\/\/www.estonianspas.eu\/en\/spa-locations-estonia\/\"]}]},{\"@type\":\"BreadcrumbList\",\"@id\":\"https:\/\/www.estonianspas.eu\/en\/spa-locations-estonia\/#breadcrumb\",\"itemListElement\":[{\"@type\":\"ListItem\",\"position\":1,\"name\":\"Avaleht\",\"item\":\"https:\/\/www.estonianspas.eu\/en\/\"},{\"@type\":\"ListItem\",\"position\":2,\"name\":\"Spa locations in Estonia\"}]},{\"@type\":\"WebSite\",\"@id\":\"https:\/\/www.estonianspas.eu\/#website\",\"url\":\"https:\/\/www.estonianspas.eu\/\",\"name\":\"Estonian Spa Association\",\"description\":\"Eesti Spaaliit\",\"potentialAction\":[{\"@type\":\"SearchAction\",\"target\":{\"@type\":\"EntryPoint\",\"urlTemplate\":\"https:\/\/www.estonianspas.eu\/?s={search_term_string}\"},\"query-input\":\"required name=search_term_string\"}],\"inLanguage\":\"en-US\"}]}<\/script>\n<!-- \/ Yoast SEO plugin. -->","yoast_head_json":{"title":"Eesti spaade asukohad - Eesti Spaad \u00fchel kaardil","description":"Eesti spaade asukohad \u00fchel kaardil - L\u00f5una-, Ida, L\u00e4\u00e4ne- ja P\u00f5hja-Eestis. Broneeri spaad koos hoolitsustega ja ravipakettidega online.","robots":{"index":"index","follow":"follow","max-snippet":"max-snippet:-1","max-image-preview":"max-image-preview:large","max-video-preview":"max-video-preview:-1"},"canonical":"https:\/\/www.estonianspas.eu\/en\/spa-locations-estonia\/","og_locale":"en_US","og_type":"article","og_title":"Eesti spaade asukohad - Eesti Spaad \u00fchel kaardil","og_description":"Eesti spaade asukohad \u00fchel kaardil - L\u00f5una-, Ida, L\u00e4\u00e4ne- ja P\u00f5hja-Eestis. Broneeri spaad koos hoolitsustega ja ravipakettidega online.","og_url":"https:\/\/www.estonianspas.eu\/en\/spa-locations-estonia\/","og_site_name":"Estonian Spa Association","article_modified_time":"2017-12-19T14:43:46+00:00","schema":{"@context":"https:\/\/schema.org","@graph":[{"@type":"WebPage","@id":"https:\/\/www.estonianspas.eu\/en\/spa-locations-estonia\/","url":"https:\/\/www.estonianspas.eu\/en\/spa-locations-estonia\/","name":"Eesti spaade asukohad - Eesti Spaad \u00fchel kaardil","isPartOf":{"@id":"https:\/\/www.estonianspas.eu\/#website"},"datePublished":"2015-12-08T08:39:57+00:00","dateModified":"2017-12-19T14:43:46+00:00","description":"Eesti spaade asukohad \u00fchel kaardil - L\u00f5una-, Ida, L\u00e4\u00e4ne- ja P\u00f5hja-Eestis. Broneeri spaad koos hoolitsustega ja ravipakettidega online.","breadcrumb":{"@id":"https:\/\/www.estonianspas.eu\/en\/spa-locations-estonia\/#breadcrumb"},"inLanguage":"en-US","potentialAction":[{"@type":"ReadAction","target":["https:\/\/www.estonianspas.eu\/en\/spa-locations-estonia\/"]}]},{"@type":"BreadcrumbList","@id":"https:\/\/www.estonianspas.eu\/en\/spa-locations-estonia\/#breadcrumb","itemListElement":[{"@type":"ListItem","position":1,"name":"Avaleht","item":"https:\/\/www.estonianspas.eu\/en\/"},{"@type":"ListItem","position":2,"name":"Spa locations in Estonia"}]},{"@type":"WebSite","@id":"https:\/\/www.estonianspas.eu\/#website","url":"https:\/\/www.estonianspas.eu\/","name":"Estonian Spa Association","description":"Eesti Spaaliit","potentialAction":[{"@type":"SearchAction","target":{"@type":"EntryPoint","urlTemplate":"https:\/\/www.estonianspas.eu\/?s={search_term_string}"},"query-input":"required name=search_term_string"}],"inLanguage":"en-US"}]}},"_links":{"self":[{"href":"https:\/\/www.estonianspas.eu\/en\/wp-json\/wp\/v2\/pages\/21007"}],"collection":[{"href":"https:\/\/www.estonianspas.eu\/en\/wp-json\/wp\/v2\/pages"}],"about":[{"href":"https:\/\/www.estonianspas.eu\/en\/wp-json\/wp\/v2\/types\/page"}],"author":[{"embeddable":true,"href":"https:\/\/www.estonianspas.eu\/en\/wp-json\/wp\/v2\/users\/17"}],"replies":[{"embeddable":true,"href":"https:\/\/www.estonianspas.eu\/en\/wp-json\/wp\/v2\/comments?post=21007"}],"version-history":[{"count":0,"href":"https:\/\/www.estonianspas.eu\/en\/wp-json\/wp\/v2\/pages\/21007\/revisions"}],"wp:attachment":[{"href":"https:\/\/www.estonianspas.eu\/en\/wp-json\/wp\/v2\/media?parent=21007"}],"curies":[{"name":"wp","href":"https:\/\/api.w.org\/{rel}","templated":true}]}}