{"id":51,"date":"2013-05-26T12:48:35","date_gmt":"2013-05-26T12:48:35","guid":{"rendered":"http:\/\/healthrepublic.ee\/?page_id=51"},"modified":"2020-03-24T16:45:13","modified_gmt":"2020-03-24T14:45:13","slug":"history","status":"publish","type":"page","link":"https:\/\/www.estonianspas.eu\/en\/history\/","title":{"rendered":"History"},"content":{"rendered":"<div class=\"entry-content\">\n<p><strong>SPA TRADITIONS IN ESTONIA<\/strong><\/p>\n<p>The country\u2019s spa traditions date back hundreds of years. One of the reasons such resorts developed here was the local mud famed for its therapeutic qualities. P\u00e4rnu, Haapsalu, Kuressaare and Narva-J\u00f5esuu have been fashionable resorts since the 1820s, while V\u00e4rska, Kubija, P\u00fchaj\u00e4rve, Toila, Viimsi and of course Tallinn also boast excellent spas.<\/p>\n<p><strong>COMBINE HOLIDAY WITH HEALTH CARE AND WELLBEING<\/strong><\/p>\n<p>The popularity of spas is a reflection of the developments in Estonia\u2019s health tourism. With the hectic lives we lead today a refreshing break is one of the best ways of staying healthy. High-quality treatments and therapy will help you get the most out of your stay at any spa resort.<\/p>\n<p><strong>COMPETENT MEDICAL SERVICE AND QUALIFIED CONSULTATION <\/strong><\/p>\n<p>2008 saw the completion of a medical spa hotel quality system, and the first therapeutic spas underwent accreditation. The system was designed to inform clients of the range of services available and of the nature of these services. The fact that the services meet the requirements of the system \u2013 and the extent to which they meet them \u2013 is a sign of quality that clients can be guided by in visiting Estonia\u2019s spas.<\/p>\n<p>So far medical spa status has been granted to <a href=\"https:\/\/www.estonianspas.eu\/spa\/toila-spa-hotel\/\">Toila Spa Hotel<\/a>\u00a0in Toila,\u00a0<a href=\"https:\/\/www.estonianspas.eu\/spa\/tervis-medical-spa-hotel\/\">Tervis Medical Spa<\/a> in P\u00e4rnu, the <a href=\"https:\/\/www.estonianspas.eu\/spa\/viiking-spa-hotel\/\">Viiking Spa Hotel<\/a>\u00a0and <a href=\"https:\/\/www.estonianspas.eu\/spa\/estonia-medical-spa-hotel\/\">Estonia Medical Spa Hotel<\/a> in P\u00e4rnu, <a href=\"https:\/\/www.estonianspas.eu\/spa\/fra-mare-thalasso-spa\/\">Fra Mare Thalasso Spa<\/a> and <a href=\"https:\/\/www.estonianspas.eu\/spa\/spa-hotel-laine\/\">Spa Hotel Laine<\/a>\u00a0in Haapsalu\u00a0and <a href=\"https:\/\/www.estonianspas.eu\/spa\/varska-spa-hotel-water-park\/\">V\u00e4rska Spa Hotel &amp; Water Park<\/a> in V\u00e4rska.<\/p>\n<p>A quality system is also being developed for wellness spas, as part of which we hope to be able to certify the first centres in the near future.<\/p>\n<p>Come and enjoy Estonia spa culture.<\/p>\n<\/div>\n","protected":false},"excerpt":{"rendered":"<p>SPA TRADITIONS IN ESTONIA The country\u2019s spa traditions date back hundreds of years. One of the reasons such resorts developed here was the local mud famed for its therapeutic qualities. P\u00e4rnu, Haapsalu, Kuressaare and Narva-J\u00f5esuu have been fashionable resorts since the 1820s, while V\u00e4rska, Kubija, P\u00fchaj\u00e4rve, Toila, Viimsi and of course Tallinn also boast excellent&#8230;<\/p>\n","protected":false},"author":8,"featured_media":0,"parent":0,"menu_order":19,"comment_status":"open","ping_status":"open","template":"page-timeline.php","meta":{"_acf_changed":false,"footnotes":""},"acf":[],"yoast_head":"<!-- This site is optimized with the Yoast SEO plugin v22.8 - https:\/\/yoast.com\/wordpress\/plugins\/seo\/ -->\n<title>Health Republic | Estonia Spas | Medical Spas in Estonia<\/title>\n<meta name=\"description\" content=\"Health Republic represents all Estonian Spas. Health Republic webpage has gathered all Estonian Medical \/ Wellness Spas Special Offers. Book Online.\" \/>\n<meta name=\"robots\" content=\"index, follow, max-snippet:-1, max-image-preview:large, max-video-preview:-1\" \/>\n<link rel=\"canonical\" href=\"https:\/\/www.estonianspas.eu\/en\/history\/\" \/>\n<meta property=\"og:locale\" content=\"en_US\" \/>\n<meta property=\"og:type\" content=\"article\" \/>\n<meta property=\"og:title\" content=\"Health Republic | Estonia Spas | Medical Spas in Estonia\" \/>\n<meta property=\"og:description\" content=\"Health Republic represents all Estonian Spas. Health Republic webpage has gathered all Estonian Medical \/ Wellness Spas Special Offers. Book Online.\" \/>\n<meta property=\"og:url\" content=\"https:\/\/www.estonianspas.eu\/en\/history\/\" \/>\n<meta property=\"og:site_name\" content=\"Estonian Spa Association\" \/>\n<meta property=\"article:modified_time\" content=\"2020-03-24T14:45:13+00:00\" \/>\n<meta name=\"twitter:label1\" content=\"Est. reading time\" \/>\n\t<meta name=\"twitter:data1\" content=\"1 minute\" \/>\n<script type=\"application\/ld+json\" class=\"yoast-schema-graph\">{\"@context\":\"https:\/\/schema.org\",\"@graph\":[{\"@type\":\"WebPage\",\"@id\":\"https:\/\/www.estonianspas.eu\/en\/history\/\",\"url\":\"https:\/\/www.estonianspas.eu\/en\/history\/\",\"name\":\"Health Republic | Estonia Spas | Medical Spas in Estonia\",\"isPartOf\":{\"@id\":\"https:\/\/www.estonianspas.eu\/#website\"},\"datePublished\":\"2013-05-26T12:48:35+00:00\",\"dateModified\":\"2020-03-24T14:45:13+00:00\",\"description\":\"Health Republic represents all Estonian Spas. Health Republic webpage has gathered all Estonian Medical \/ Wellness Spas Special Offers. Book Online.\",\"breadcrumb\":{\"@id\":\"https:\/\/www.estonianspas.eu\/en\/history\/#breadcrumb\"},\"inLanguage\":\"en-US\",\"potentialAction\":[{\"@type\":\"ReadAction\",\"target\":[\"https:\/\/www.estonianspas.eu\/en\/history\/\"]}]},{\"@type\":\"BreadcrumbList\",\"@id\":\"https:\/\/www.estonianspas.eu\/en\/history\/#breadcrumb\",\"itemListElement\":[{\"@type\":\"ListItem\",\"position\":1,\"name\":\"Avaleht\",\"item\":\"https:\/\/www.estonianspas.eu\/en\/\"},{\"@type\":\"ListItem\",\"position\":2,\"name\":\"History\"}]},{\"@type\":\"WebSite\",\"@id\":\"https:\/\/www.estonianspas.eu\/#website\",\"url\":\"https:\/\/www.estonianspas.eu\/\",\"name\":\"Estonian Spa Association\",\"description\":\"Eesti Spaaliit\",\"potentialAction\":[{\"@type\":\"SearchAction\",\"target\":{\"@type\":\"EntryPoint\",\"urlTemplate\":\"https:\/\/www.estonianspas.eu\/?s={search_term_string}\"},\"query-input\":\"required name=search_term_string\"}],\"inLanguage\":\"en-US\"}]}<\/script>\n<!-- \/ Yoast SEO plugin. -->","yoast_head_json":{"title":"Health Republic | Estonia Spas | Medical Spas in Estonia","description":"Health Republic represents all Estonian Spas. Health Republic webpage has gathered all Estonian Medical \/ Wellness Spas Special Offers. Book Online.","robots":{"index":"index","follow":"follow","max-snippet":"max-snippet:-1","max-image-preview":"max-image-preview:large","max-video-preview":"max-video-preview:-1"},"canonical":"https:\/\/www.estonianspas.eu\/en\/history\/","og_locale":"en_US","og_type":"article","og_title":"Health Republic | Estonia Spas | Medical Spas in Estonia","og_description":"Health Republic represents all Estonian Spas. Health Republic webpage has gathered all Estonian Medical \/ Wellness Spas Special Offers. Book Online.","og_url":"https:\/\/www.estonianspas.eu\/en\/history\/","og_site_name":"Estonian Spa Association","article_modified_time":"2020-03-24T14:45:13+00:00","twitter_misc":{"Est. reading time":"1 minute"},"schema":{"@context":"https:\/\/schema.org","@graph":[{"@type":"WebPage","@id":"https:\/\/www.estonianspas.eu\/en\/history\/","url":"https:\/\/www.estonianspas.eu\/en\/history\/","name":"Health Republic | Estonia Spas | Medical Spas in Estonia","isPartOf":{"@id":"https:\/\/www.estonianspas.eu\/#website"},"datePublished":"2013-05-26T12:48:35+00:00","dateModified":"2020-03-24T14:45:13+00:00","description":"Health Republic represents all Estonian Spas. Health Republic webpage has gathered all Estonian Medical \/ Wellness Spas Special Offers. Book Online.","breadcrumb":{"@id":"https:\/\/www.estonianspas.eu\/en\/history\/#breadcrumb"},"inLanguage":"en-US","potentialAction":[{"@type":"ReadAction","target":["https:\/\/www.estonianspas.eu\/en\/history\/"]}]},{"@type":"BreadcrumbList","@id":"https:\/\/www.estonianspas.eu\/en\/history\/#breadcrumb","itemListElement":[{"@type":"ListItem","position":1,"name":"Avaleht","item":"https:\/\/www.estonianspas.eu\/en\/"},{"@type":"ListItem","position":2,"name":"History"}]},{"@type":"WebSite","@id":"https:\/\/www.estonianspas.eu\/#website","url":"https:\/\/www.estonianspas.eu\/","name":"Estonian Spa Association","description":"Eesti Spaaliit","potentialAction":[{"@type":"SearchAction","target":{"@type":"EntryPoint","urlTemplate":"https:\/\/www.estonianspas.eu\/?s={search_term_string}"},"query-input":"required name=search_term_string"}],"inLanguage":"en-US"}]}},"_links":{"self":[{"href":"https:\/\/www.estonianspas.eu\/en\/wp-json\/wp\/v2\/pages\/51"}],"collection":[{"href":"https:\/\/www.estonianspas.eu\/en\/wp-json\/wp\/v2\/pages"}],"about":[{"href":"https:\/\/www.estonianspas.eu\/en\/wp-json\/wp\/v2\/types\/page"}],"author":[{"embeddable":true,"href":"https:\/\/www.estonianspas.eu\/en\/wp-json\/wp\/v2\/users\/8"}],"replies":[{"embeddable":true,"href":"https:\/\/www.estonianspas.eu\/en\/wp-json\/wp\/v2\/comments?post=51"}],"version-history":[{"count":0,"href":"https:\/\/www.estonianspas.eu\/en\/wp-json\/wp\/v2\/pages\/51\/revisions"}],"wp:attachment":[{"href":"https:\/\/www.estonianspas.eu\/en\/wp-json\/wp\/v2\/media?parent=51"}],"curies":[{"name":"wp","href":"https:\/\/api.w.org\/{rel}","templated":true}]}}