{"id":1389,"date":"2013-06-05T10:37:49","date_gmt":"2013-06-05T10:37:49","guid":{"rendered":"http:\/\/healthrepublic.ee\/?page_id=1389"},"modified":"2020-03-24T16:52:28","modified_gmt":"2020-03-24T14:52:28","slug":"historia","status":"publish","type":"page","link":"https:\/\/www.estonianspas.eu\/fi\/historia\/","title":{"rendered":"Historia"},"content":{"rendered":"<p><strong>VIRON KYLPYL\u00c4T \u2013 TERVEYDEKSESI JO 200 VUOTTA!<\/strong><\/p>\n<p>Virossa on usean sadan vuoden kylpyl\u00e4perinteet. Yksi syy Viron kylpyl\u00f6iden syntyyn on ollut paikallinen, hoitavista ominaisuuksistaan tunnettu muta. P\u00e4rnu, Haapsalu, Kuressaare ja Narva-J\u00f5esuu ovat olleet trendikk\u00e4it\u00e4 kylpyl\u00e4kohteita jo 1820-luvulta l\u00e4htien, mutta nykyisin my\u00f6s V\u00e4rska, Kubija, P\u00fchaj\u00e4rve, Toila, Viimsi ja tietenkin Tallinna voivat ylpeill\u00e4 huippukylpyl\u00f6ill\u00e4<strong>.<\/strong><\/p>\n<p><strong>AIDOKSI TERVEYDEKSESI \u2013 HELPOSTI JA MUKAVASTI<\/strong><\/p>\n<p>Kylpyl\u00f6iden suosio on suoraan verrannollinen Viron terveysmatkailun kehittymiseen. Nykyp\u00e4iv\u00e4n kiireisess\u00e4 el\u00e4m\u00e4ntyyliss\u00e4 virkist\u00e4v\u00e4 tauko on paras tapa pysy\u00e4 terveen\u00e4. Laadukkaat hoidot takaavat, ett\u00e4 saat t\u00e4yden hy\u00f6dyn irti lomasta miss\u00e4 tahansa kylpyl\u00e4kohteistamme.<\/p>\n<p><strong>VIRON TERVEYSKYLPYL\u00c4T \u2013 HELPOSTI PAREMPI LOMA, OLO JA TERVEYS<\/strong><\/p>\n<p>Virolaisten terveyskylpyl\u00e4hotellien laatuluokitusj\u00e4rjestelm\u00e4 luotiin vuonna 2008 ja akkreditoitiin ensimm\u00e4iset kylpyl\u00e4t. Laatuluokitus on suunniteltu informoimaan asiakasta kunkin kylpyl\u00e4n palvelutarjonnan laajuudesta ja sis\u00e4ll\u00f6st\u00e4. Se, vastaavatko kylpyl\u00e4n palvelut laatuj\u00e4rjestelm\u00e4n vaatimuksia ja miss\u00e4 m\u00e4\u00e4rin, on asiakkaalle laatutakuu, jonka voi ottaa ohjenuoraksi, kun lomailee virolaisissa kylpyl\u00f6iss\u00e4.<\/p>\n<p>Terveyskylpyl\u00e4n taso on t\u00e4h\u00e4n menness\u00e4 my\u00f6nnetty Tervis kylpyl\u00e4lle ja Viiking kylpyl\u00e4lle P\u00e4rnussa, Fra Mare Thalasso Spa ja Laine Spa Hotelleille Haapsalussa sek\u00e4 Toila Spa ja V\u00e4rska Kuntoutuskeskukselle.<\/p>\n<p>Wellness- eli hyv\u00e4nolon kylpyl\u00f6ille ollaan kehitt\u00e4m\u00e4ss\u00e4 samanlaista laatuj\u00e4rjestelm\u00e4\u00e4. Toivomme, ett\u00e4 ensimm\u00e4iset wellness-kylpyl\u00e4t akkreditoidaan jo l\u00e4hitulevaisuudessa.<\/p>\n","protected":false},"excerpt":{"rendered":"<p>VIRON KYLPYL\u00c4T \u2013 TERVEYDEKSESI JO 200 VUOTTA! Virossa on usean sadan vuoden kylpyl\u00e4perinteet. Yksi syy Viron kylpyl\u00f6iden syntyyn on ollut paikallinen, hoitavista ominaisuuksistaan tunnettu muta. P\u00e4rnu, Haapsalu, Kuressaare ja Narva-J\u00f5esuu ovat olleet trendikk\u00e4it\u00e4 kylpyl\u00e4kohteita jo 1820-luvulta l\u00e4htien, mutta nykyisin my\u00f6s V\u00e4rska, Kubija, P\u00fchaj\u00e4rve, Toila, Viimsi ja tietenkin Tallinna voivat ylpeill\u00e4 huippukylpyl\u00f6ill\u00e4. AIDOKSI TERVEYDEKSESI \u2013 HELPOSTI&#8230;<\/p>\n","protected":false},"author":8,"featured_media":0,"parent":0,"menu_order":19,"comment_status":"open","ping_status":"open","template":"page-timeline.php","meta":{"_acf_changed":false,"footnotes":""},"acf":[],"yoast_head":"<!-- This site is optimized with the Yoast SEO plugin v22.8 - https:\/\/yoast.com\/wordpress\/plugins\/seo\/ -->\n<title>Historia - Estonian Spa Association<\/title>\n<meta name=\"robots\" content=\"index, follow, max-snippet:-1, max-image-preview:large, max-video-preview:-1\" \/>\n<link rel=\"canonical\" href=\"https:\/\/www.estonianspas.eu\/fi\/historia\/\" \/>\n<meta property=\"og:locale\" content=\"fi_FI\" \/>\n<meta property=\"og:type\" content=\"article\" \/>\n<meta property=\"og:title\" content=\"Historia - Estonian Spa Association\" \/>\n<meta property=\"og:description\" content=\"VIRON KYLPYL\u00c4T \u2013 TERVEYDEKSESI JO 200 VUOTTA! Virossa on usean sadan vuoden kylpyl\u00e4perinteet. Yksi syy Viron kylpyl\u00f6iden syntyyn on ollut paikallinen, hoitavista ominaisuuksistaan tunnettu muta. P\u00e4rnu, Haapsalu, Kuressaare ja Narva-J\u00f5esuu ovat olleet trendikk\u00e4it\u00e4 kylpyl\u00e4kohteita jo 1820-luvulta l\u00e4htien, mutta nykyisin my\u00f6s V\u00e4rska, Kubija, P\u00fchaj\u00e4rve, Toila, Viimsi ja tietenkin Tallinna voivat ylpeill\u00e4 huippukylpyl\u00f6ill\u00e4. AIDOKSI TERVEYDEKSESI \u2013 HELPOSTI...\" \/>\n<meta property=\"og:url\" content=\"https:\/\/www.estonianspas.eu\/fi\/historia\/\" \/>\n<meta property=\"og:site_name\" content=\"Estonian Spa Association\" \/>\n<meta property=\"article:modified_time\" content=\"2020-03-24T14:52:28+00:00\" \/>\n<meta name=\"twitter:label1\" content=\"Est. reading time\" \/>\n\t<meta name=\"twitter:data1\" content=\"1 minute\" \/>\n<script type=\"application\/ld+json\" class=\"yoast-schema-graph\">{\"@context\":\"https:\/\/schema.org\",\"@graph\":[{\"@type\":\"WebPage\",\"@id\":\"https:\/\/www.estonianspas.eu\/fi\/historia\/\",\"url\":\"https:\/\/www.estonianspas.eu\/fi\/historia\/\",\"name\":\"Historia - Estonian Spa Association\",\"isPartOf\":{\"@id\":\"https:\/\/www.estonianspas.eu\/#website\"},\"datePublished\":\"2013-06-05T10:37:49+00:00\",\"dateModified\":\"2020-03-24T14:52:28+00:00\",\"breadcrumb\":{\"@id\":\"https:\/\/www.estonianspas.eu\/fi\/historia\/#breadcrumb\"},\"inLanguage\":\"fi-FI\",\"potentialAction\":[{\"@type\":\"ReadAction\",\"target\":[\"https:\/\/www.estonianspas.eu\/fi\/historia\/\"]}]},{\"@type\":\"BreadcrumbList\",\"@id\":\"https:\/\/www.estonianspas.eu\/fi\/historia\/#breadcrumb\",\"itemListElement\":[{\"@type\":\"ListItem\",\"position\":1,\"name\":\"Avaleht\",\"item\":\"https:\/\/www.estonianspas.eu\/fi\/\"},{\"@type\":\"ListItem\",\"position\":2,\"name\":\"Historia\"}]},{\"@type\":\"WebSite\",\"@id\":\"https:\/\/www.estonianspas.eu\/#website\",\"url\":\"https:\/\/www.estonianspas.eu\/\",\"name\":\"Estonian Spa Association\",\"description\":\"Eesti Spaaliit\",\"potentialAction\":[{\"@type\":\"SearchAction\",\"target\":{\"@type\":\"EntryPoint\",\"urlTemplate\":\"https:\/\/www.estonianspas.eu\/?s={search_term_string}\"},\"query-input\":\"required name=search_term_string\"}],\"inLanguage\":\"fi-FI\"}]}<\/script>\n<!-- \/ Yoast SEO plugin. -->","yoast_head_json":{"title":"Historia - Estonian Spa Association","robots":{"index":"index","follow":"follow","max-snippet":"max-snippet:-1","max-image-preview":"max-image-preview:large","max-video-preview":"max-video-preview:-1"},"canonical":"https:\/\/www.estonianspas.eu\/fi\/historia\/","og_locale":"fi_FI","og_type":"article","og_title":"Historia - Estonian Spa Association","og_description":"VIRON KYLPYL\u00c4T \u2013 TERVEYDEKSESI JO 200 VUOTTA! Virossa on usean sadan vuoden kylpyl\u00e4perinteet. Yksi syy Viron kylpyl\u00f6iden syntyyn on ollut paikallinen, hoitavista ominaisuuksistaan tunnettu muta. P\u00e4rnu, Haapsalu, Kuressaare ja Narva-J\u00f5esuu ovat olleet trendikk\u00e4it\u00e4 kylpyl\u00e4kohteita jo 1820-luvulta l\u00e4htien, mutta nykyisin my\u00f6s V\u00e4rska, Kubija, P\u00fchaj\u00e4rve, Toila, Viimsi ja tietenkin Tallinna voivat ylpeill\u00e4 huippukylpyl\u00f6ill\u00e4. AIDOKSI TERVEYDEKSESI \u2013 HELPOSTI...","og_url":"https:\/\/www.estonianspas.eu\/fi\/historia\/","og_site_name":"Estonian Spa Association","article_modified_time":"2020-03-24T14:52:28+00:00","twitter_misc":{"Est. reading time":"1 minute"},"schema":{"@context":"https:\/\/schema.org","@graph":[{"@type":"WebPage","@id":"https:\/\/www.estonianspas.eu\/fi\/historia\/","url":"https:\/\/www.estonianspas.eu\/fi\/historia\/","name":"Historia - Estonian Spa Association","isPartOf":{"@id":"https:\/\/www.estonianspas.eu\/#website"},"datePublished":"2013-06-05T10:37:49+00:00","dateModified":"2020-03-24T14:52:28+00:00","breadcrumb":{"@id":"https:\/\/www.estonianspas.eu\/fi\/historia\/#breadcrumb"},"inLanguage":"fi-FI","potentialAction":[{"@type":"ReadAction","target":["https:\/\/www.estonianspas.eu\/fi\/historia\/"]}]},{"@type":"BreadcrumbList","@id":"https:\/\/www.estonianspas.eu\/fi\/historia\/#breadcrumb","itemListElement":[{"@type":"ListItem","position":1,"name":"Avaleht","item":"https:\/\/www.estonianspas.eu\/fi\/"},{"@type":"ListItem","position":2,"name":"Historia"}]},{"@type":"WebSite","@id":"https:\/\/www.estonianspas.eu\/#website","url":"https:\/\/www.estonianspas.eu\/","name":"Estonian Spa Association","description":"Eesti Spaaliit","potentialAction":[{"@type":"SearchAction","target":{"@type":"EntryPoint","urlTemplate":"https:\/\/www.estonianspas.eu\/?s={search_term_string}"},"query-input":"required name=search_term_string"}],"inLanguage":"fi-FI"}]}},"_links":{"self":[{"href":"https:\/\/www.estonianspas.eu\/fi\/wp-json\/wp\/v2\/pages\/1389"}],"collection":[{"href":"https:\/\/www.estonianspas.eu\/fi\/wp-json\/wp\/v2\/pages"}],"about":[{"href":"https:\/\/www.estonianspas.eu\/fi\/wp-json\/wp\/v2\/types\/page"}],"author":[{"embeddable":true,"href":"https:\/\/www.estonianspas.eu\/fi\/wp-json\/wp\/v2\/users\/8"}],"replies":[{"embeddable":true,"href":"https:\/\/www.estonianspas.eu\/fi\/wp-json\/wp\/v2\/comments?post=1389"}],"version-history":[{"count":0,"href":"https:\/\/www.estonianspas.eu\/fi\/wp-json\/wp\/v2\/pages\/1389\/revisions"}],"wp:attachment":[{"href":"https:\/\/www.estonianspas.eu\/fi\/wp-json\/wp\/v2\/media?parent=1389"}],"curies":[{"name":"wp","href":"https:\/\/api.w.org\/{rel}","templated":true}]}}