{"id":1505,"date":"2013-06-19T12:24:32","date_gmt":"2013-06-19T12:24:32","guid":{"rendered":"http:\/\/healthrepublic.ee\/?page_id=1505"},"modified":"2014-02-06T18:06:02","modified_gmt":"2014-02-06T16:06:02","slug":"soome-avaleht","status":"publish","type":"page","link":"https:\/\/www.estonianspas.eu\/fi\/","title":{"rendered":"Etusivu"},"content":{"rendered":"","protected":false},"excerpt":{"rendered":"","protected":false},"author":8,"featured_media":0,"parent":0,"menu_order":2,"comment_status":"open","ping_status":"open","template":"","meta":{"_acf_changed":false,"footnotes":""},"acf":[],"yoast_head":"<!-- This site is optimized with the Yoast SEO plugin v22.8 - https:\/\/yoast.com\/wordpress\/plugins\/seo\/ -->\n<title>Terveys- ja hyvinvointikylpyl\u00e4t Virossa - Terveyden tasavalta<\/title>\n<meta name=\"description\" content=\"Terveyden tasavalta esittelee hyvinvointi- ja terveyskylpyl\u00e4t Virossa. Varaa netist\u00e4 erilaiset kylpyl\u00e4- ja l\u00e4\u00e4ketieteelliset hoidot.\" \/>\n<meta name=\"robots\" content=\"index, follow, max-snippet:-1, max-image-preview:large, max-video-preview:-1\" \/>\n<link rel=\"canonical\" href=\"https:\/\/www.estonianspas.eu\/fi\/\" \/>\n<meta property=\"og:locale\" content=\"fi_FI\" \/>\n<meta property=\"og:type\" content=\"article\" \/>\n<meta property=\"og:title\" content=\"Terveys- ja hyvinvointikylpyl\u00e4t Virossa - Terveyden tasavalta\" \/>\n<meta property=\"og:description\" content=\"Terveyden tasavalta esittelee hyvinvointi- ja terveyskylpyl\u00e4t Virossa. Varaa netist\u00e4 erilaiset kylpyl\u00e4- ja l\u00e4\u00e4ketieteelliset hoidot.\" \/>\n<meta property=\"og:url\" content=\"https:\/\/www.estonianspas.eu\/fi\/\" \/>\n<meta property=\"og:site_name\" content=\"Estonian Spa Association\" \/>\n<meta property=\"article:modified_time\" content=\"2014-02-06T16:06:02+00:00\" \/>\n<script type=\"application\/ld+json\" class=\"yoast-schema-graph\">{\"@context\":\"https:\/\/schema.org\",\"@graph\":[{\"@type\":\"WebPage\",\"@id\":\"https:\/\/www.estonianspas.eu\/fi\/\",\"url\":\"https:\/\/www.estonianspas.eu\/fi\/\",\"name\":\"Terveys- ja hyvinvointikylpyl\u00e4t Virossa - Terveyden tasavalta\",\"isPartOf\":{\"@id\":\"https:\/\/www.estonianspas.eu\/#website\"},\"datePublished\":\"2013-06-19T12:24:32+00:00\",\"dateModified\":\"2014-02-06T16:06:02+00:00\",\"description\":\"Terveyden tasavalta esittelee hyvinvointi- ja terveyskylpyl\u00e4t Virossa. Varaa netist\u00e4 erilaiset kylpyl\u00e4- ja l\u00e4\u00e4ketieteelliset hoidot.\",\"breadcrumb\":{\"@id\":\"https:\/\/www.estonianspas.eu\/fi\/#breadcrumb\"},\"inLanguage\":\"fi-FI\",\"potentialAction\":[{\"@type\":\"ReadAction\",\"target\":[\"https:\/\/www.estonianspas.eu\/fi\/\"]}]},{\"@type\":\"BreadcrumbList\",\"@id\":\"https:\/\/www.estonianspas.eu\/fi\/#breadcrumb\",\"itemListElement\":[{\"@type\":\"ListItem\",\"position\":1,\"name\":\"Avaleht\",\"item\":\"https:\/\/www.estonianspas.eu\/fi\/\"},{\"@type\":\"ListItem\",\"position\":2,\"name\":\"Etusivu\"}]},{\"@type\":\"WebSite\",\"@id\":\"https:\/\/www.estonianspas.eu\/#website\",\"url\":\"https:\/\/www.estonianspas.eu\/\",\"name\":\"Estonian Spa Association\",\"description\":\"Eesti Spaaliit\",\"potentialAction\":[{\"@type\":\"SearchAction\",\"target\":{\"@type\":\"EntryPoint\",\"urlTemplate\":\"https:\/\/www.estonianspas.eu\/?s={search_term_string}\"},\"query-input\":\"required name=search_term_string\"}],\"inLanguage\":\"fi-FI\"}]}<\/script>\n<!-- \/ Yoast SEO plugin. -->","yoast_head_json":{"title":"Terveys- ja hyvinvointikylpyl\u00e4t Virossa - Terveyden tasavalta","description":"Terveyden tasavalta esittelee hyvinvointi- ja terveyskylpyl\u00e4t Virossa. Varaa netist\u00e4 erilaiset kylpyl\u00e4- ja l\u00e4\u00e4ketieteelliset hoidot.","robots":{"index":"index","follow":"follow","max-snippet":"max-snippet:-1","max-image-preview":"max-image-preview:large","max-video-preview":"max-video-preview:-1"},"canonical":"https:\/\/www.estonianspas.eu\/fi\/","og_locale":"fi_FI","og_type":"article","og_title":"Terveys- ja hyvinvointikylpyl\u00e4t Virossa - Terveyden tasavalta","og_description":"Terveyden tasavalta esittelee hyvinvointi- ja terveyskylpyl\u00e4t Virossa. Varaa netist\u00e4 erilaiset kylpyl\u00e4- ja l\u00e4\u00e4ketieteelliset hoidot.","og_url":"https:\/\/www.estonianspas.eu\/fi\/","og_site_name":"Estonian Spa Association","article_modified_time":"2014-02-06T16:06:02+00:00","schema":{"@context":"https:\/\/schema.org","@graph":[{"@type":"WebPage","@id":"https:\/\/www.estonianspas.eu\/fi\/","url":"https:\/\/www.estonianspas.eu\/fi\/","name":"Terveys- ja hyvinvointikylpyl\u00e4t Virossa - Terveyden tasavalta","isPartOf":{"@id":"https:\/\/www.estonianspas.eu\/#website"},"datePublished":"2013-06-19T12:24:32+00:00","dateModified":"2014-02-06T16:06:02+00:00","description":"Terveyden tasavalta esittelee hyvinvointi- ja terveyskylpyl\u00e4t Virossa. Varaa netist\u00e4 erilaiset kylpyl\u00e4- ja l\u00e4\u00e4ketieteelliset hoidot.","breadcrumb":{"@id":"https:\/\/www.estonianspas.eu\/fi\/#breadcrumb"},"inLanguage":"fi-FI","potentialAction":[{"@type":"ReadAction","target":["https:\/\/www.estonianspas.eu\/fi\/"]}]},{"@type":"BreadcrumbList","@id":"https:\/\/www.estonianspas.eu\/fi\/#breadcrumb","itemListElement":[{"@type":"ListItem","position":1,"name":"Avaleht","item":"https:\/\/www.estonianspas.eu\/fi\/"},{"@type":"ListItem","position":2,"name":"Etusivu"}]},{"@type":"WebSite","@id":"https:\/\/www.estonianspas.eu\/#website","url":"https:\/\/www.estonianspas.eu\/","name":"Estonian Spa Association","description":"Eesti Spaaliit","potentialAction":[{"@type":"SearchAction","target":{"@type":"EntryPoint","urlTemplate":"https:\/\/www.estonianspas.eu\/?s={search_term_string}"},"query-input":"required name=search_term_string"}],"inLanguage":"fi-FI"}]}},"_links":{"self":[{"href":"https:\/\/www.estonianspas.eu\/fi\/wp-json\/wp\/v2\/pages\/1505"}],"collection":[{"href":"https:\/\/www.estonianspas.eu\/fi\/wp-json\/wp\/v2\/pages"}],"about":[{"href":"https:\/\/www.estonianspas.eu\/fi\/wp-json\/wp\/v2\/types\/page"}],"author":[{"embeddable":true,"href":"https:\/\/www.estonianspas.eu\/fi\/wp-json\/wp\/v2\/users\/8"}],"replies":[{"embeddable":true,"href":"https:\/\/www.estonianspas.eu\/fi\/wp-json\/wp\/v2\/comments?post=1505"}],"version-history":[{"count":0,"href":"https:\/\/www.estonianspas.eu\/fi\/wp-json\/wp\/v2\/pages\/1505\/revisions"}],"wp:attachment":[{"href":"https:\/\/www.estonianspas.eu\/fi\/wp-json\/wp\/v2\/media?parent=1505"}],"curies":[{"name":"wp","href":"https:\/\/api.w.org\/{rel}","templated":true}]}}