{"id":20982,"date":"2015-12-04T17:14:29","date_gmt":"2015-12-04T15:14:29","guid":{"rendered":"http:\/\/www.estonianspas.eu\/fi\/about\/liituge-uudiskirjaga\/"},"modified":"2024-01-08T22:35:19","modified_gmt":"2024-01-08T20:35:19","slug":"tilaa-uutiskirje","status":"publish","type":"page","link":"https:\/\/www.estonianspas.eu\/fi\/meista\/tilaa-uutiskirje\/","title":{"rendered":"Tilaa uutiskirje"},"content":{"rendered":"<p>Tilatessasi uutiskirjeen annat Viron Kylpyl\u00e4liitolle (Sadama 9\/11, Haapsalu, Viro) luvan tallentaa s\u00e4hk\u00f6postiosoitteesi ja nimesi sek\u00e4 k\u00e4ytt\u00e4\u00e4 niit\u00e4 tietojen l\u00e4hett\u00e4miseen Viron kylpyl\u00e4liiton tuotteista ja palveluista sek\u00e4 ostotottumustesi seuraamiseen. Nimesi ja s\u00e4hk\u00f6postiosoitteesi k\u00e4ytt\u00f6\u00f6n liittyen sinulla on kaikki henkil\u00f6tietolain ja s\u00e4hk\u00f6isen viestinn\u00e4n lain mukaiset oikeudet, joita meid\u00e4n on kunnioitettava.<\/p>\n<p><iframe style=\"width: 270px; height: 250px; border: 0px;\" src=\"https:\/\/etwd4kqu.sendsmaily.net\/landing-pages\/fdfdcbd7-5ba4-4aba-b159-c425c7f93a87\/html\/\" frameborder=\"0\"><\/iframe><\/p>\n","protected":false},"excerpt":{"rendered":"<p>Tilatessasi uutiskirjeen annat Viron Kylpyl\u00e4liitolle (Sadama 9\/11, Haapsalu, Viro) luvan tallentaa s\u00e4hk\u00f6postiosoitteesi ja nimesi sek\u00e4 k\u00e4ytt\u00e4\u00e4 niit\u00e4 tietojen l\u00e4hett\u00e4miseen Viron kylpyl\u00e4liiton tuotteista ja palveluista sek\u00e4 ostotottumustesi seuraamiseen. Nimesi ja s\u00e4hk\u00f6postiosoitteesi k\u00e4ytt\u00f6\u00f6n liittyen sinulla on kaikki henkil\u00f6tietolain ja s\u00e4hk\u00f6isen viestinn\u00e4n lain mukaiset oikeudet, joita meid\u00e4n on kunnioitettava.<\/p>\n","protected":false},"author":17,"featured_media":0,"parent":2446,"menu_order":9,"comment_status":"closed","ping_status":"closed","template":"","meta":{"_acf_changed":false,"footnotes":""},"acf":[],"yoast_head":"<!-- This site is optimized with the Yoast SEO plugin v22.8 - https:\/\/yoast.com\/wordpress\/plugins\/seo\/ -->\n<title>Tilaa uutiskirje - Estonian Spa Association<\/title>\n<meta name=\"robots\" content=\"index, follow, max-snippet:-1, max-image-preview:large, max-video-preview:-1\" \/>\n<link rel=\"canonical\" href=\"https:\/\/www.estonianspas.eu\/fi\/meista\/tilaa-uutiskirje\/\" \/>\n<meta property=\"og:locale\" content=\"fi_FI\" \/>\n<meta property=\"og:type\" content=\"article\" \/>\n<meta property=\"og:title\" content=\"Tilaa uutiskirje - Estonian Spa Association\" \/>\n<meta property=\"og:description\" content=\"Tilatessasi uutiskirjeen annat Viron Kylpyl\u00e4liitolle (Sadama 9\/11, Haapsalu, Viro) luvan tallentaa s\u00e4hk\u00f6postiosoitteesi ja nimesi sek\u00e4 k\u00e4ytt\u00e4\u00e4 niit\u00e4 tietojen l\u00e4hett\u00e4miseen Viron kylpyl\u00e4liiton tuotteista ja palveluista sek\u00e4 ostotottumustesi seuraamiseen. Nimesi ja s\u00e4hk\u00f6postiosoitteesi k\u00e4ytt\u00f6\u00f6n liittyen sinulla on kaikki henkil\u00f6tietolain ja s\u00e4hk\u00f6isen viestinn\u00e4n lain mukaiset oikeudet, joita meid\u00e4n on kunnioitettava.\" \/>\n<meta property=\"og:url\" content=\"https:\/\/www.estonianspas.eu\/fi\/meista\/tilaa-uutiskirje\/\" \/>\n<meta property=\"og:site_name\" content=\"Estonian Spa Association\" \/>\n<meta property=\"article:modified_time\" content=\"2024-01-08T20:35:19+00:00\" \/>\n<meta name=\"twitter:label1\" content=\"Est. reading time\" \/>\n\t<meta name=\"twitter:data1\" content=\"1 minute\" \/>\n<script type=\"application\/ld+json\" class=\"yoast-schema-graph\">{\"@context\":\"https:\/\/schema.org\",\"@graph\":[{\"@type\":\"WebPage\",\"@id\":\"https:\/\/www.estonianspas.eu\/fi\/meista\/tilaa-uutiskirje\/\",\"url\":\"https:\/\/www.estonianspas.eu\/fi\/meista\/tilaa-uutiskirje\/\",\"name\":\"Tilaa uutiskirje - Estonian Spa Association\",\"isPartOf\":{\"@id\":\"https:\/\/www.estonianspas.eu\/#website\"},\"datePublished\":\"2015-12-04T15:14:29+00:00\",\"dateModified\":\"2024-01-08T20:35:19+00:00\",\"breadcrumb\":{\"@id\":\"https:\/\/www.estonianspas.eu\/fi\/meista\/tilaa-uutiskirje\/#breadcrumb\"},\"inLanguage\":\"fi-FI\",\"potentialAction\":[{\"@type\":\"ReadAction\",\"target\":[\"https:\/\/www.estonianspas.eu\/fi\/meista\/tilaa-uutiskirje\/\"]}]},{\"@type\":\"BreadcrumbList\",\"@id\":\"https:\/\/www.estonianspas.eu\/fi\/meista\/tilaa-uutiskirje\/#breadcrumb\",\"itemListElement\":[{\"@type\":\"ListItem\",\"position\":1,\"name\":\"Avaleht\",\"item\":\"https:\/\/www.estonianspas.eu\/fi\/\"},{\"@type\":\"ListItem\",\"position\":2,\"name\":\"Meist\u00e4\",\"item\":\"https:\/\/www.estonianspas.eu\/fi\/meista\/\"},{\"@type\":\"ListItem\",\"position\":3,\"name\":\"Tilaa uutiskirje\"}]},{\"@type\":\"WebSite\",\"@id\":\"https:\/\/www.estonianspas.eu\/#website\",\"url\":\"https:\/\/www.estonianspas.eu\/\",\"name\":\"Estonian Spa Association\",\"description\":\"Eesti Spaaliit\",\"potentialAction\":[{\"@type\":\"SearchAction\",\"target\":{\"@type\":\"EntryPoint\",\"urlTemplate\":\"https:\/\/www.estonianspas.eu\/?s={search_term_string}\"},\"query-input\":\"required name=search_term_string\"}],\"inLanguage\":\"fi-FI\"}]}<\/script>\n<!-- \/ Yoast SEO plugin. -->","yoast_head_json":{"title":"Tilaa uutiskirje - Estonian Spa Association","robots":{"index":"index","follow":"follow","max-snippet":"max-snippet:-1","max-image-preview":"max-image-preview:large","max-video-preview":"max-video-preview:-1"},"canonical":"https:\/\/www.estonianspas.eu\/fi\/meista\/tilaa-uutiskirje\/","og_locale":"fi_FI","og_type":"article","og_title":"Tilaa uutiskirje - Estonian Spa Association","og_description":"Tilatessasi uutiskirjeen annat Viron Kylpyl\u00e4liitolle (Sadama 9\/11, Haapsalu, Viro) luvan tallentaa s\u00e4hk\u00f6postiosoitteesi ja nimesi sek\u00e4 k\u00e4ytt\u00e4\u00e4 niit\u00e4 tietojen l\u00e4hett\u00e4miseen Viron kylpyl\u00e4liiton tuotteista ja palveluista sek\u00e4 ostotottumustesi seuraamiseen. Nimesi ja s\u00e4hk\u00f6postiosoitteesi k\u00e4ytt\u00f6\u00f6n liittyen sinulla on kaikki henkil\u00f6tietolain ja s\u00e4hk\u00f6isen viestinn\u00e4n lain mukaiset oikeudet, joita meid\u00e4n on kunnioitettava.","og_url":"https:\/\/www.estonianspas.eu\/fi\/meista\/tilaa-uutiskirje\/","og_site_name":"Estonian Spa Association","article_modified_time":"2024-01-08T20:35:19+00:00","twitter_misc":{"Est. reading time":"1 minute"},"schema":{"@context":"https:\/\/schema.org","@graph":[{"@type":"WebPage","@id":"https:\/\/www.estonianspas.eu\/fi\/meista\/tilaa-uutiskirje\/","url":"https:\/\/www.estonianspas.eu\/fi\/meista\/tilaa-uutiskirje\/","name":"Tilaa uutiskirje - Estonian Spa Association","isPartOf":{"@id":"https:\/\/www.estonianspas.eu\/#website"},"datePublished":"2015-12-04T15:14:29+00:00","dateModified":"2024-01-08T20:35:19+00:00","breadcrumb":{"@id":"https:\/\/www.estonianspas.eu\/fi\/meista\/tilaa-uutiskirje\/#breadcrumb"},"inLanguage":"fi-FI","potentialAction":[{"@type":"ReadAction","target":["https:\/\/www.estonianspas.eu\/fi\/meista\/tilaa-uutiskirje\/"]}]},{"@type":"BreadcrumbList","@id":"https:\/\/www.estonianspas.eu\/fi\/meista\/tilaa-uutiskirje\/#breadcrumb","itemListElement":[{"@type":"ListItem","position":1,"name":"Avaleht","item":"https:\/\/www.estonianspas.eu\/fi\/"},{"@type":"ListItem","position":2,"name":"Meist\u00e4","item":"https:\/\/www.estonianspas.eu\/fi\/meista\/"},{"@type":"ListItem","position":3,"name":"Tilaa uutiskirje"}]},{"@type":"WebSite","@id":"https:\/\/www.estonianspas.eu\/#website","url":"https:\/\/www.estonianspas.eu\/","name":"Estonian Spa Association","description":"Eesti Spaaliit","potentialAction":[{"@type":"SearchAction","target":{"@type":"EntryPoint","urlTemplate":"https:\/\/www.estonianspas.eu\/?s={search_term_string}"},"query-input":"required name=search_term_string"}],"inLanguage":"fi-FI"}]}},"_links":{"self":[{"href":"https:\/\/www.estonianspas.eu\/fi\/wp-json\/wp\/v2\/pages\/20982"}],"collection":[{"href":"https:\/\/www.estonianspas.eu\/fi\/wp-json\/wp\/v2\/pages"}],"about":[{"href":"https:\/\/www.estonianspas.eu\/fi\/wp-json\/wp\/v2\/types\/page"}],"author":[{"embeddable":true,"href":"https:\/\/www.estonianspas.eu\/fi\/wp-json\/wp\/v2\/users\/17"}],"replies":[{"embeddable":true,"href":"https:\/\/www.estonianspas.eu\/fi\/wp-json\/wp\/v2\/comments?post=20982"}],"version-history":[{"count":3,"href":"https:\/\/www.estonianspas.eu\/fi\/wp-json\/wp\/v2\/pages\/20982\/revisions"}],"predecessor-version":[{"id":30723,"href":"https:\/\/www.estonianspas.eu\/fi\/wp-json\/wp\/v2\/pages\/20982\/revisions\/30723"}],"up":[{"embeddable":true,"href":"https:\/\/www.estonianspas.eu\/fi\/wp-json\/wp\/v2\/pages\/2446"}],"wp:attachment":[{"href":"https:\/\/www.estonianspas.eu\/fi\/wp-json\/wp\/v2\/media?parent=20982"}],"curies":[{"name":"wp","href":"https:\/\/api.w.org\/{rel}","templated":true}]}}