{"id":21009,"date":"2015-12-08T10:39:57","date_gmt":"2015-12-08T08:39:57","guid":{"rendered":"http:\/\/www.estonianspas.eu\/fi\/eesti-spaade-kaart\/"},"modified":"2015-12-17T13:31:45","modified_gmt":"2015-12-17T11:31:45","slug":"kartta","status":"publish","type":"page","link":"https:\/\/www.estonianspas.eu\/fi\/kartta\/","title":{"rendered":"Kartta"},"content":{"rendered":"<p>Viron terveyskylpyl\u00e4t: laadukkaita terveyspalveluita edullisesti \u2013 vain muutaman aironvedon p\u00e4\u00e4ss\u00e4.<br \/>\n<iframe loading=\"lazy\" src=\"https:\/\/www.google.com\/maps\/d\/embed?mid=zNBhHo4Ib7lM.kHRJCmWs5OoE\" width=\"100%\" height=\"600\"><\/iframe><\/p>\n","protected":false},"excerpt":{"rendered":"<p>Viron terveyskylpyl\u00e4t: laadukkaita terveyspalveluita edullisesti \u2013 vain muutaman aironvedon p\u00e4\u00e4ss\u00e4.<\/p>\n","protected":false},"author":17,"featured_media":0,"parent":0,"menu_order":0,"comment_status":"open","ping_status":"open","template":"page-fullwidth.php","meta":{"_acf_changed":false,"footnotes":""},"acf":[],"yoast_head":"<!-- This site is optimized with the Yoast SEO plugin v22.8 - https:\/\/yoast.com\/wordpress\/plugins\/seo\/ -->\n<title>Kartta - Estonian Spa Association<\/title>\n<meta name=\"robots\" content=\"index, follow, max-snippet:-1, max-image-preview:large, max-video-preview:-1\" \/>\n<link rel=\"canonical\" href=\"https:\/\/www.estonianspas.eu\/fi\/kartta\/\" \/>\n<meta property=\"og:locale\" content=\"fi_FI\" \/>\n<meta property=\"og:type\" content=\"article\" \/>\n<meta property=\"og:title\" content=\"Kartta - Estonian Spa Association\" \/>\n<meta property=\"og:description\" content=\"Viron terveyskylpyl\u00e4t: laadukkaita terveyspalveluita edullisesti \u2013 vain muutaman aironvedon p\u00e4\u00e4ss\u00e4.\" \/>\n<meta property=\"og:url\" content=\"https:\/\/www.estonianspas.eu\/fi\/kartta\/\" \/>\n<meta property=\"og:site_name\" content=\"Estonian Spa Association\" \/>\n<meta property=\"article:modified_time\" content=\"2015-12-17T11:31:45+00:00\" \/>\n<script type=\"application\/ld+json\" class=\"yoast-schema-graph\">{\"@context\":\"https:\/\/schema.org\",\"@graph\":[{\"@type\":\"WebPage\",\"@id\":\"https:\/\/www.estonianspas.eu\/fi\/kartta\/\",\"url\":\"https:\/\/www.estonianspas.eu\/fi\/kartta\/\",\"name\":\"Kartta - Estonian Spa Association\",\"isPartOf\":{\"@id\":\"https:\/\/www.estonianspas.eu\/#website\"},\"datePublished\":\"2015-12-08T08:39:57+00:00\",\"dateModified\":\"2015-12-17T11:31:45+00:00\",\"breadcrumb\":{\"@id\":\"https:\/\/www.estonianspas.eu\/fi\/kartta\/#breadcrumb\"},\"inLanguage\":\"fi-FI\",\"potentialAction\":[{\"@type\":\"ReadAction\",\"target\":[\"https:\/\/www.estonianspas.eu\/fi\/kartta\/\"]}]},{\"@type\":\"BreadcrumbList\",\"@id\":\"https:\/\/www.estonianspas.eu\/fi\/kartta\/#breadcrumb\",\"itemListElement\":[{\"@type\":\"ListItem\",\"position\":1,\"name\":\"Avaleht\",\"item\":\"https:\/\/www.estonianspas.eu\/fi\/\"},{\"@type\":\"ListItem\",\"position\":2,\"name\":\"Kartta\"}]},{\"@type\":\"WebSite\",\"@id\":\"https:\/\/www.estonianspas.eu\/#website\",\"url\":\"https:\/\/www.estonianspas.eu\/\",\"name\":\"Estonian Spa Association\",\"description\":\"Eesti Spaaliit\",\"potentialAction\":[{\"@type\":\"SearchAction\",\"target\":{\"@type\":\"EntryPoint\",\"urlTemplate\":\"https:\/\/www.estonianspas.eu\/?s={search_term_string}\"},\"query-input\":\"required name=search_term_string\"}],\"inLanguage\":\"fi-FI\"}]}<\/script>\n<!-- \/ Yoast SEO plugin. -->","yoast_head_json":{"title":"Kartta - Estonian Spa Association","robots":{"index":"index","follow":"follow","max-snippet":"max-snippet:-1","max-image-preview":"max-image-preview:large","max-video-preview":"max-video-preview:-1"},"canonical":"https:\/\/www.estonianspas.eu\/fi\/kartta\/","og_locale":"fi_FI","og_type":"article","og_title":"Kartta - Estonian Spa Association","og_description":"Viron terveyskylpyl\u00e4t: laadukkaita terveyspalveluita edullisesti \u2013 vain muutaman aironvedon p\u00e4\u00e4ss\u00e4.","og_url":"https:\/\/www.estonianspas.eu\/fi\/kartta\/","og_site_name":"Estonian Spa Association","article_modified_time":"2015-12-17T11:31:45+00:00","schema":{"@context":"https:\/\/schema.org","@graph":[{"@type":"WebPage","@id":"https:\/\/www.estonianspas.eu\/fi\/kartta\/","url":"https:\/\/www.estonianspas.eu\/fi\/kartta\/","name":"Kartta - Estonian Spa Association","isPartOf":{"@id":"https:\/\/www.estonianspas.eu\/#website"},"datePublished":"2015-12-08T08:39:57+00:00","dateModified":"2015-12-17T11:31:45+00:00","breadcrumb":{"@id":"https:\/\/www.estonianspas.eu\/fi\/kartta\/#breadcrumb"},"inLanguage":"fi-FI","potentialAction":[{"@type":"ReadAction","target":["https:\/\/www.estonianspas.eu\/fi\/kartta\/"]}]},{"@type":"BreadcrumbList","@id":"https:\/\/www.estonianspas.eu\/fi\/kartta\/#breadcrumb","itemListElement":[{"@type":"ListItem","position":1,"name":"Avaleht","item":"https:\/\/www.estonianspas.eu\/fi\/"},{"@type":"ListItem","position":2,"name":"Kartta"}]},{"@type":"WebSite","@id":"https:\/\/www.estonianspas.eu\/#website","url":"https:\/\/www.estonianspas.eu\/","name":"Estonian Spa Association","description":"Eesti Spaaliit","potentialAction":[{"@type":"SearchAction","target":{"@type":"EntryPoint","urlTemplate":"https:\/\/www.estonianspas.eu\/?s={search_term_string}"},"query-input":"required name=search_term_string"}],"inLanguage":"fi-FI"}]}},"_links":{"self":[{"href":"https:\/\/www.estonianspas.eu\/fi\/wp-json\/wp\/v2\/pages\/21009"}],"collection":[{"href":"https:\/\/www.estonianspas.eu\/fi\/wp-json\/wp\/v2\/pages"}],"about":[{"href":"https:\/\/www.estonianspas.eu\/fi\/wp-json\/wp\/v2\/types\/page"}],"author":[{"embeddable":true,"href":"https:\/\/www.estonianspas.eu\/fi\/wp-json\/wp\/v2\/users\/17"}],"replies":[{"embeddable":true,"href":"https:\/\/www.estonianspas.eu\/fi\/wp-json\/wp\/v2\/comments?post=21009"}],"version-history":[{"count":0,"href":"https:\/\/www.estonianspas.eu\/fi\/wp-json\/wp\/v2\/pages\/21009\/revisions"}],"wp:attachment":[{"href":"https:\/\/www.estonianspas.eu\/fi\/wp-json\/wp\/v2\/media?parent=21009"}],"curies":[{"name":"wp","href":"https:\/\/api.w.org\/{rel}","templated":true}]}}