{"id":2426,"date":"2013-09-05T12:09:58","date_gmt":"2013-09-05T12:09:58","guid":{"rendered":"http:\/\/healthrepublic.ee\/?page_id=2426"},"modified":"2016-01-06T14:45:24","modified_gmt":"2016-01-06T12:45:24","slug":"yhteystiedot","status":"publish","type":"page","link":"https:\/\/www.estonianspas.eu\/fi\/meista\/yhteystiedot\/","title":{"rendered":"Yhteystiedot"},"content":{"rendered":"<h3>Viron Kylpyl\u00e4liitto<\/h3>\n<p>Reg. nr. 80002119<br \/>\nSadama 9\/11<br \/>\n90502 Haapsalu<br \/>\nViro<\/p>\n<p><a href=\"mailto:info@estonianspas.eu\">info@estonianspas.eu<\/a><\/p>\n<p><strong>Aire Toffer<br \/>\n<\/strong>Projektip\u00e4\u00e4llikk\u00f6<br \/>\nPuh.: +372 508 4020<br \/>\n<a href=\"mailto:aire.toffer@estonianspas.eu\">aire.toffer@estonianspas.eu<\/a><\/p>\n<p><iframe loading=\"lazy\" style=\"border: 0;\" src=\"https:\/\/www.google.com\/maps\/embed?pb=!1m18!1m12!1m3!1d453334.2589842342!2d24.251232389138544!3d58.934760062130984!2m3!1f0!2f0!3f0!3m2!1i1024!2i768!4f13.1!3m3!1m2!1s0x46f2a7a4a45d9af7%3A0x5546499f1a82e1e3!2sEesti+Spaaliit!5e0!3m2!1set!2see!4v1449234343217\" width=\"100%\" height=\"450\" frameborder=\"0\" allowfullscreen=\"allowfullscreen\"><\/iframe><\/p>\n","protected":false},"excerpt":{"rendered":"<p>Viron Kylpyl\u00e4liitto Reg. nr. 80002119 Sadama 9\/11 90502 Haapsalu Viro info@estonianspas.eu Aire Toffer Projektip\u00e4\u00e4llikk\u00f6 Puh.: +372 508 4020 aire.toffer@estonianspas.eu<\/p>\n","protected":false},"author":8,"featured_media":0,"parent":2446,"menu_order":0,"comment_status":"open","ping_status":"open","template":"","meta":{"_acf_changed":false,"footnotes":""},"acf":[],"yoast_head":"<!-- This site is optimized with the Yoast SEO plugin v22.8 - https:\/\/yoast.com\/wordpress\/plugins\/seo\/ -->\n<title>Yhteystiedot - Estonian Spa Association<\/title>\n<meta name=\"robots\" content=\"index, follow, max-snippet:-1, max-image-preview:large, max-video-preview:-1\" \/>\n<link rel=\"canonical\" href=\"https:\/\/www.estonianspas.eu\/fi\/meista\/yhteystiedot\/\" \/>\n<meta property=\"og:locale\" content=\"fi_FI\" \/>\n<meta property=\"og:type\" content=\"article\" \/>\n<meta property=\"og:title\" content=\"Yhteystiedot - Estonian Spa Association\" \/>\n<meta property=\"og:description\" content=\"Viron Kylpyl\u00e4liitto Reg. nr. 80002119 Sadama 9\/11 90502 Haapsalu Viro info@estonianspas.eu Aire Toffer Projektip\u00e4\u00e4llikk\u00f6 Puh.: +372 508 4020 aire.toffer@estonianspas.eu\" \/>\n<meta property=\"og:url\" content=\"https:\/\/www.estonianspas.eu\/fi\/meista\/yhteystiedot\/\" \/>\n<meta property=\"og:site_name\" content=\"Estonian Spa Association\" \/>\n<meta property=\"article:modified_time\" content=\"2016-01-06T12:45:24+00:00\" \/>\n<script type=\"application\/ld+json\" class=\"yoast-schema-graph\">{\"@context\":\"https:\/\/schema.org\",\"@graph\":[{\"@type\":\"WebPage\",\"@id\":\"https:\/\/www.estonianspas.eu\/fi\/meista\/yhteystiedot\/\",\"url\":\"https:\/\/www.estonianspas.eu\/fi\/meista\/yhteystiedot\/\",\"name\":\"Yhteystiedot - Estonian Spa Association\",\"isPartOf\":{\"@id\":\"https:\/\/www.estonianspas.eu\/#website\"},\"datePublished\":\"2013-09-05T12:09:58+00:00\",\"dateModified\":\"2016-01-06T12:45:24+00:00\",\"breadcrumb\":{\"@id\":\"https:\/\/www.estonianspas.eu\/fi\/meista\/yhteystiedot\/#breadcrumb\"},\"inLanguage\":\"fi-FI\",\"potentialAction\":[{\"@type\":\"ReadAction\",\"target\":[\"https:\/\/www.estonianspas.eu\/fi\/meista\/yhteystiedot\/\"]}]},{\"@type\":\"BreadcrumbList\",\"@id\":\"https:\/\/www.estonianspas.eu\/fi\/meista\/yhteystiedot\/#breadcrumb\",\"itemListElement\":[{\"@type\":\"ListItem\",\"position\":1,\"name\":\"Avaleht\",\"item\":\"https:\/\/www.estonianspas.eu\/fi\/\"},{\"@type\":\"ListItem\",\"position\":2,\"name\":\"Meist\u00e4\",\"item\":\"https:\/\/www.estonianspas.eu\/fi\/meista\/\"},{\"@type\":\"ListItem\",\"position\":3,\"name\":\"Yhteystiedot\"}]},{\"@type\":\"WebSite\",\"@id\":\"https:\/\/www.estonianspas.eu\/#website\",\"url\":\"https:\/\/www.estonianspas.eu\/\",\"name\":\"Estonian Spa Association\",\"description\":\"Eesti Spaaliit\",\"potentialAction\":[{\"@type\":\"SearchAction\",\"target\":{\"@type\":\"EntryPoint\",\"urlTemplate\":\"https:\/\/www.estonianspas.eu\/?s={search_term_string}\"},\"query-input\":\"required name=search_term_string\"}],\"inLanguage\":\"fi-FI\"}]}<\/script>\n<!-- \/ Yoast SEO plugin. -->","yoast_head_json":{"title":"Yhteystiedot - Estonian Spa Association","robots":{"index":"index","follow":"follow","max-snippet":"max-snippet:-1","max-image-preview":"max-image-preview:large","max-video-preview":"max-video-preview:-1"},"canonical":"https:\/\/www.estonianspas.eu\/fi\/meista\/yhteystiedot\/","og_locale":"fi_FI","og_type":"article","og_title":"Yhteystiedot - Estonian Spa Association","og_description":"Viron Kylpyl\u00e4liitto Reg. nr. 80002119 Sadama 9\/11 90502 Haapsalu Viro info@estonianspas.eu Aire Toffer Projektip\u00e4\u00e4llikk\u00f6 Puh.: +372 508 4020 aire.toffer@estonianspas.eu","og_url":"https:\/\/www.estonianspas.eu\/fi\/meista\/yhteystiedot\/","og_site_name":"Estonian Spa Association","article_modified_time":"2016-01-06T12:45:24+00:00","schema":{"@context":"https:\/\/schema.org","@graph":[{"@type":"WebPage","@id":"https:\/\/www.estonianspas.eu\/fi\/meista\/yhteystiedot\/","url":"https:\/\/www.estonianspas.eu\/fi\/meista\/yhteystiedot\/","name":"Yhteystiedot - Estonian Spa Association","isPartOf":{"@id":"https:\/\/www.estonianspas.eu\/#website"},"datePublished":"2013-09-05T12:09:58+00:00","dateModified":"2016-01-06T12:45:24+00:00","breadcrumb":{"@id":"https:\/\/www.estonianspas.eu\/fi\/meista\/yhteystiedot\/#breadcrumb"},"inLanguage":"fi-FI","potentialAction":[{"@type":"ReadAction","target":["https:\/\/www.estonianspas.eu\/fi\/meista\/yhteystiedot\/"]}]},{"@type":"BreadcrumbList","@id":"https:\/\/www.estonianspas.eu\/fi\/meista\/yhteystiedot\/#breadcrumb","itemListElement":[{"@type":"ListItem","position":1,"name":"Avaleht","item":"https:\/\/www.estonianspas.eu\/fi\/"},{"@type":"ListItem","position":2,"name":"Meist\u00e4","item":"https:\/\/www.estonianspas.eu\/fi\/meista\/"},{"@type":"ListItem","position":3,"name":"Yhteystiedot"}]},{"@type":"WebSite","@id":"https:\/\/www.estonianspas.eu\/#website","url":"https:\/\/www.estonianspas.eu\/","name":"Estonian Spa Association","description":"Eesti Spaaliit","potentialAction":[{"@type":"SearchAction","target":{"@type":"EntryPoint","urlTemplate":"https:\/\/www.estonianspas.eu\/?s={search_term_string}"},"query-input":"required name=search_term_string"}],"inLanguage":"fi-FI"}]}},"_links":{"self":[{"href":"https:\/\/www.estonianspas.eu\/fi\/wp-json\/wp\/v2\/pages\/2426"}],"collection":[{"href":"https:\/\/www.estonianspas.eu\/fi\/wp-json\/wp\/v2\/pages"}],"about":[{"href":"https:\/\/www.estonianspas.eu\/fi\/wp-json\/wp\/v2\/types\/page"}],"author":[{"embeddable":true,"href":"https:\/\/www.estonianspas.eu\/fi\/wp-json\/wp\/v2\/users\/8"}],"replies":[{"embeddable":true,"href":"https:\/\/www.estonianspas.eu\/fi\/wp-json\/wp\/v2\/comments?post=2426"}],"version-history":[{"count":0,"href":"https:\/\/www.estonianspas.eu\/fi\/wp-json\/wp\/v2\/pages\/2426\/revisions"}],"up":[{"embeddable":true,"href":"https:\/\/www.estonianspas.eu\/fi\/wp-json\/wp\/v2\/pages\/2446"}],"wp:attachment":[{"href":"https:\/\/www.estonianspas.eu\/fi\/wp-json\/wp\/v2\/media?parent=2426"}],"curies":[{"name":"wp","href":"https:\/\/api.w.org\/{rel}","templated":true}]}}