{"id":1570,"date":"2013-06-21T11:27:46","date_gmt":"2013-06-21T11:27:46","guid":{"rendered":"http:\/\/healthrepublic.ee\/?page_id=1570"},"modified":"2020-03-24T16:57:40","modified_gmt":"2020-03-24T14:57:40","slug":"spa-tradicijas-igaunija","status":"publish","type":"page","link":"https:\/\/www.estonianspas.eu\/lv\/spa-tradicijas-igaunija\/","title":{"rendered":"V\u0113sture"},"content":{"rendered":"<p><strong>IGAUNIJA \u2013 200 GADI SPA KULT\u016aRAS<\/strong><\/p>\n<p>Igaunij\u0101 spa trad\u012bciju v\u0113sture ir jau vair\u0101kus gadsimtus ilga. Viens no iemesliem spa k\u016brortu att\u012bst\u012bbai ir viet\u0113j\u0101s izcelsmes d\u016b\u0146as, kuru terapeitisk\u0101s \u012bpa\u0161\u012bbas ir pla\u0161i paz\u012bstamas. P\u0113rnava (P\u00e4rnu), H\u0101psalu (Haapsalu), Kures\u0101re (Kuressaare) un Narva-J\u0113s\u016b (Narva-J\u00f5esuu) ir biju\u0161as moderni k\u016brorti jau kop\u0161 19. gadsimta 20. gadiem, un ar\u012b Verskas (V\u00e4rska), Kubijas (Kubija), Pihajerves (P\u00fchaj\u00e4rve), Toilas (Toila), V\u012bmsi (Viimsi) un, protams, Tallinas (Tallinn) lepnums ir lieliskas spa vietas.<\/p>\n<p><strong>IGAUNIJAS MEDIC\u012aNAS SPA \u2013 LIELISKA IESP\u0112JA ATP\u016aTU APVIENOT AR VESEL\u012aBAS UN LABSAJ\u016aTAS UZLABO\u0160ANU<\/strong><\/p>\n<p>Spa popularit\u0101te ir Igaunijas att\u012bst\u012bt\u0101 vesel\u012bbas t\u016brisma r\u0101d\u012bt\u0101js. M\u016bsdienu nemier\u012bgaj\u0101 dz\u012bves ritm\u0101 viena no iesp\u0113j\u0101m saglab\u0101t vesel\u012bbu ir nodro\u0161in\u0101t atsvaidzino\u0161u pauzi. Augstas kvalit\u0101tes \u0101rst\u0113\u0161ana un terapija pal\u012bdz\u0113s g\u016bt maksim\u0101li daudz no atra\u0161an\u0101s jebkur\u0101 spa k\u016brort\u0101.<\/p>\n<p><strong>IGAUNIJAS MEDIC\u012aNAS SPA \u2013 VAIR\u0100K PAR SKAISTUMKOP\u0160ANU \u2013 UZLABO DZ\u012aVES KVALIT\u0100TI UN VAIRO LABSAJ\u016aTU AR BAUDU R\u016aP\u0112JOTIES PAR VESEL\u012aBU<\/strong><\/p>\n<p>2008. gad\u0101 tika pabeigta medic\u012bnisko spa viesn\u012bcu kvalit\u0101tes sist\u0113mas izveide, un pirm\u0101s terapeitisk\u0101s spa veiksm\u012bgi nok\u0101rtoja akredit\u0101ciju. \u0160\u012b sist\u0113ma tika rad\u012bta, lai inform\u0113tu klientus par konkr\u0113taj\u0101 viet\u0101 pieejamo pakalpojumu kl\u0101stu un \u0161o pakalpojumu b\u016bt\u012bbu.Tas, ka pakalpojumi atbilda sist\u0113mas pras\u012bb\u0101m, k\u0101 ar\u012b \u0161\u012bs atbilst\u012bbas augstais nov\u0113rt\u0113jums ir kvalit\u0101tes apliecin\u0101jums; \u0161\u012b inform\u0101cija ir labs orientieris viesim, apmekl\u0113jot Igaunijas spa vietas.<\/p>\n<p>L\u012bdz \u0161im m\u016bsu valsts da\u017e\u0101daj\u0101m spa ir pie\u0161\u0137irts \u0161\u0101ds nov\u0113rt\u0113jums: tr\u012bs zvaigznes izpeln\u012bju\u0161ies \u201eTervis Medical Spa Hotel\u201d, \u201eViiking Spa Hotel\u201d un \u201eEstonia Medical Spa Hotel\u201d P\u0113rnav\u0101, \u201eFra Mare Thalasso Spa\u201d un \u201eSpa Hotel Laine\u201d H\u0101psalu, \u201eToila Spa Hotel\u201d un \u201eV\u00e4rska Resort &amp; Water Park\u201d.<\/p>\n<p>Ar\u012b labsaj\u016btas spa nov\u0113rt\u0113\u0161anai ir izstr\u0101d\u0101ta kvalit\u0101tes sist\u0113ma, pamatojoties uz to, cerams, jau tuv\u0101kaj\u0101 laik\u0101 tiks sertific\u0113ta da\u013ca \u0161o vietu.<\/p>\n","protected":false},"excerpt":{"rendered":"<p>IGAUNIJA \u2013 200 GADI SPA KULT\u016aRAS Igaunij\u0101 spa trad\u012bciju v\u0113sture ir jau vair\u0101kus gadsimtus ilga. Viens no iemesliem spa k\u016brortu att\u012bst\u012bbai ir viet\u0113j\u0101s izcelsmes d\u016b\u0146as, kuru terapeitisk\u0101s \u012bpa\u0161\u012bbas ir pla\u0161i paz\u012bstamas. P\u0113rnava (P\u00e4rnu), H\u0101psalu (Haapsalu), Kures\u0101re (Kuressaare) un Narva-J\u0113s\u016b (Narva-J\u00f5esuu) ir biju\u0161as moderni k\u016brorti jau kop\u0161 19. gadsimta 20. gadiem, un ar\u012b Verskas (V\u00e4rska), Kubijas&#8230;<\/p>\n","protected":false},"author":8,"featured_media":0,"parent":0,"menu_order":19,"comment_status":"open","ping_status":"open","template":"page-timeline.php","meta":{"_acf_changed":false,"footnotes":""},"acf":[],"yoast_head":"<!-- This site is optimized with the Yoast SEO plugin v22.8 - https:\/\/yoast.com\/wordpress\/plugins\/seo\/ -->\n<title>V\u0113sture - Igaunijas k\u016brorta un rehabilit\u0101cijas \u0101rst\u0113\u0161anas asoci\u0101cin<\/title>\n<meta name=\"robots\" content=\"index, follow, max-snippet:-1, max-image-preview:large, max-video-preview:-1\" \/>\n<link rel=\"canonical\" href=\"https:\/\/www.estonianspas.eu\/lv\/spa-tradicijas-igaunija\/\" \/>\n<meta property=\"og:locale\" content=\"lv_LV\" \/>\n<meta property=\"og:type\" content=\"article\" \/>\n<meta property=\"og:title\" content=\"V\u0113sture - Igaunijas k\u016brorta un rehabilit\u0101cijas \u0101rst\u0113\u0161anas asoci\u0101cin\" \/>\n<meta property=\"og:description\" content=\"IGAUNIJA \u2013 200 GADI SPA KULT\u016aRAS Igaunij\u0101 spa trad\u012bciju v\u0113sture ir jau vair\u0101kus gadsimtus ilga. Viens no iemesliem spa k\u016brortu att\u012bst\u012bbai ir viet\u0113j\u0101s izcelsmes d\u016b\u0146as, kuru terapeitisk\u0101s \u012bpa\u0161\u012bbas ir pla\u0161i paz\u012bstamas. P\u0113rnava (P\u00e4rnu), H\u0101psalu (Haapsalu), Kures\u0101re (Kuressaare) un Narva-J\u0113s\u016b (Narva-J\u00f5esuu) ir biju\u0161as moderni k\u016brorti jau kop\u0161 19. gadsimta 20. gadiem, un ar\u012b Verskas (V\u00e4rska), Kubijas...\" \/>\n<meta property=\"og:url\" content=\"https:\/\/www.estonianspas.eu\/lv\/spa-tradicijas-igaunija\/\" \/>\n<meta property=\"og:site_name\" content=\"Igaunijas k\u016brorta un rehabilit\u0101cijas \u0101rst\u0113\u0161anas asoci\u0101cin\" \/>\n<meta property=\"article:modified_time\" content=\"2020-03-24T14:57:40+00:00\" \/>\n<meta name=\"twitter:label1\" content=\"Est. reading time\" \/>\n\t<meta name=\"twitter:data1\" content=\"2 minutes\" \/>\n<script type=\"application\/ld+json\" class=\"yoast-schema-graph\">{\"@context\":\"https:\/\/schema.org\",\"@graph\":[{\"@type\":\"WebPage\",\"@id\":\"https:\/\/www.estonianspas.eu\/lv\/spa-tradicijas-igaunija\/\",\"url\":\"https:\/\/www.estonianspas.eu\/lv\/spa-tradicijas-igaunija\/\",\"name\":\"V\u0113sture - Igaunijas k\u016brorta un rehabilit\u0101cijas \u0101rst\u0113\u0161anas asoci\u0101cin\",\"isPartOf\":{\"@id\":\"https:\/\/www.estonianspas.eu\/#website\"},\"datePublished\":\"2013-06-21T11:27:46+00:00\",\"dateModified\":\"2020-03-24T14:57:40+00:00\",\"breadcrumb\":{\"@id\":\"https:\/\/www.estonianspas.eu\/lv\/spa-tradicijas-igaunija\/#breadcrumb\"},\"inLanguage\":\"lv-LV\",\"potentialAction\":[{\"@type\":\"ReadAction\",\"target\":[\"https:\/\/www.estonianspas.eu\/lv\/spa-tradicijas-igaunija\/\"]}]},{\"@type\":\"BreadcrumbList\",\"@id\":\"https:\/\/www.estonianspas.eu\/lv\/spa-tradicijas-igaunija\/#breadcrumb\",\"itemListElement\":[{\"@type\":\"ListItem\",\"position\":1,\"name\":\"Avaleht\",\"item\":\"https:\/\/www.estonianspas.eu\/lv\/\"},{\"@type\":\"ListItem\",\"position\":2,\"name\":\"V\u0113sture\"}]},{\"@type\":\"WebSite\",\"@id\":\"https:\/\/www.estonianspas.eu\/#website\",\"url\":\"https:\/\/www.estonianspas.eu\/\",\"name\":\"Igaunijas k\u016brorta un rehabilit\u0101cijas \u0101rst\u0113\u0161anas asoci\u0101cin\",\"description\":\"Eesti Spaaliit\",\"potentialAction\":[{\"@type\":\"SearchAction\",\"target\":{\"@type\":\"EntryPoint\",\"urlTemplate\":\"https:\/\/www.estonianspas.eu\/?s={search_term_string}\"},\"query-input\":\"required name=search_term_string\"}],\"inLanguage\":\"lv-LV\"}]}<\/script>\n<!-- \/ Yoast SEO plugin. -->","yoast_head_json":{"title":"V\u0113sture - Igaunijas k\u016brorta un rehabilit\u0101cijas \u0101rst\u0113\u0161anas asoci\u0101cin","robots":{"index":"index","follow":"follow","max-snippet":"max-snippet:-1","max-image-preview":"max-image-preview:large","max-video-preview":"max-video-preview:-1"},"canonical":"https:\/\/www.estonianspas.eu\/lv\/spa-tradicijas-igaunija\/","og_locale":"lv_LV","og_type":"article","og_title":"V\u0113sture - Igaunijas k\u016brorta un rehabilit\u0101cijas \u0101rst\u0113\u0161anas asoci\u0101cin","og_description":"IGAUNIJA \u2013 200 GADI SPA KULT\u016aRAS Igaunij\u0101 spa trad\u012bciju v\u0113sture ir jau vair\u0101kus gadsimtus ilga. Viens no iemesliem spa k\u016brortu att\u012bst\u012bbai ir viet\u0113j\u0101s izcelsmes d\u016b\u0146as, kuru terapeitisk\u0101s \u012bpa\u0161\u012bbas ir pla\u0161i paz\u012bstamas. P\u0113rnava (P\u00e4rnu), H\u0101psalu (Haapsalu), Kures\u0101re (Kuressaare) un Narva-J\u0113s\u016b (Narva-J\u00f5esuu) ir biju\u0161as moderni k\u016brorti jau kop\u0161 19. gadsimta 20. gadiem, un ar\u012b Verskas (V\u00e4rska), Kubijas...","og_url":"https:\/\/www.estonianspas.eu\/lv\/spa-tradicijas-igaunija\/","og_site_name":"Igaunijas k\u016brorta un rehabilit\u0101cijas \u0101rst\u0113\u0161anas asoci\u0101cin","article_modified_time":"2020-03-24T14:57:40+00:00","twitter_misc":{"Est. reading time":"2 minutes"},"schema":{"@context":"https:\/\/schema.org","@graph":[{"@type":"WebPage","@id":"https:\/\/www.estonianspas.eu\/lv\/spa-tradicijas-igaunija\/","url":"https:\/\/www.estonianspas.eu\/lv\/spa-tradicijas-igaunija\/","name":"V\u0113sture - Igaunijas k\u016brorta un rehabilit\u0101cijas \u0101rst\u0113\u0161anas asoci\u0101cin","isPartOf":{"@id":"https:\/\/www.estonianspas.eu\/#website"},"datePublished":"2013-06-21T11:27:46+00:00","dateModified":"2020-03-24T14:57:40+00:00","breadcrumb":{"@id":"https:\/\/www.estonianspas.eu\/lv\/spa-tradicijas-igaunija\/#breadcrumb"},"inLanguage":"lv-LV","potentialAction":[{"@type":"ReadAction","target":["https:\/\/www.estonianspas.eu\/lv\/spa-tradicijas-igaunija\/"]}]},{"@type":"BreadcrumbList","@id":"https:\/\/www.estonianspas.eu\/lv\/spa-tradicijas-igaunija\/#breadcrumb","itemListElement":[{"@type":"ListItem","position":1,"name":"Avaleht","item":"https:\/\/www.estonianspas.eu\/lv\/"},{"@type":"ListItem","position":2,"name":"V\u0113sture"}]},{"@type":"WebSite","@id":"https:\/\/www.estonianspas.eu\/#website","url":"https:\/\/www.estonianspas.eu\/","name":"Igaunijas k\u016brorta un rehabilit\u0101cijas \u0101rst\u0113\u0161anas asoci\u0101cin","description":"Eesti Spaaliit","potentialAction":[{"@type":"SearchAction","target":{"@type":"EntryPoint","urlTemplate":"https:\/\/www.estonianspas.eu\/?s={search_term_string}"},"query-input":"required name=search_term_string"}],"inLanguage":"lv-LV"}]}},"_links":{"self":[{"href":"https:\/\/www.estonianspas.eu\/lv\/wp-json\/wp\/v2\/pages\/1570"}],"collection":[{"href":"https:\/\/www.estonianspas.eu\/lv\/wp-json\/wp\/v2\/pages"}],"about":[{"href":"https:\/\/www.estonianspas.eu\/lv\/wp-json\/wp\/v2\/types\/page"}],"author":[{"embeddable":true,"href":"https:\/\/www.estonianspas.eu\/lv\/wp-json\/wp\/v2\/users\/8"}],"replies":[{"embeddable":true,"href":"https:\/\/www.estonianspas.eu\/lv\/wp-json\/wp\/v2\/comments?post=1570"}],"version-history":[{"count":0,"href":"https:\/\/www.estonianspas.eu\/lv\/wp-json\/wp\/v2\/pages\/1570\/revisions"}],"wp:attachment":[{"href":"https:\/\/www.estonianspas.eu\/lv\/wp-json\/wp\/v2\/media?parent=1570"}],"curies":[{"name":"wp","href":"https:\/\/api.w.org\/{rel}","templated":true}]}}