{"id":1576,"date":"2013-06-19T12:37:13","date_gmt":"2013-06-19T12:37:13","guid":{"rendered":"http:\/\/healthrepublic.ee\/?page_id=1576"},"modified":"2020-03-15T01:57:11","modified_gmt":"2020-03-14T23:57:11","slug":"igaunijas-spa-asociacija","status":"publish","type":"page","link":"https:\/\/www.estonianspas.eu\/lv\/par-mums\/igaunijas-spa-asociacija\/","title":{"rendered":"Igaunijas SPA Asoci\u0101cija"},"content":{"rendered":"<h2>The Traditions and the Present<\/h2>\n<p>In Estonia you may in several places find therapeutic mud, the healing properties of which were known in folk medicine since ancient times. Spas in the present meaning of the word were established as early as in the 1820- 40\u2019s. Establishments were especially built or reconstructed for the use of local seawater or mud for the treatment of ailments under the supervision of physicians.<\/p>\n<p>Today the main objectives of the spa treatments are to give prophylactic care and spa treatments of the kind, which hinder ailments from becoming chronic, lessening the need of sick care, thereby saving costs, and to restore the working capacity and general capacities of the ailing. In our continually more and more hectic rhythm of life many middle aged and even younger persons suffer from stress. In the course of time the Estonian spas have also partly changed their policy from being purely care centres towards being recreation centres, where the clients in addition to the treatments have the possibility to occupy themselves in various healthy activities, go in for sports or just relax and spend their time comfortably.<\/p>\n<p>Estonian Spa Association has 15 members. ESPAL has gathered in one web-page all facts concerning the Estonian Spas and Rehabilitation Centres. Here you may find a resume of the miscellaneous care and vacation possibilities the Estonian Spas have to offer.<\/p>\n<p>&nbsp;<\/p>\n","protected":false},"excerpt":{"rendered":"<p>The Traditions and the Present In Estonia you may in several places find therapeutic mud, the healing properties of which were known in folk medicine since ancient times. Spas in the present meaning of the word were established as early as in the 1820- 40\u2019s. Establishments were especially built or reconstructed for the use of&#8230;<\/p>\n","protected":false},"author":8,"featured_media":0,"parent":2447,"menu_order":0,"comment_status":"open","ping_status":"open","template":"","meta":{"_acf_changed":false,"footnotes":""},"acf":[],"yoast_head":"<!-- This site is optimized with the Yoast SEO plugin v22.8 - https:\/\/yoast.com\/wordpress\/plugins\/seo\/ -->\n<title>Igaunijas SPA Asoci\u0101cija - Igaunijas k\u016brorta un rehabilit\u0101cijas \u0101rst\u0113\u0161anas asoci\u0101cin<\/title>\n<meta name=\"robots\" content=\"index, follow, max-snippet:-1, max-image-preview:large, max-video-preview:-1\" \/>\n<link rel=\"canonical\" href=\"https:\/\/www.estonianspas.eu\/lv\/par-mums\/igaunijas-spa-asociacija\/\" \/>\n<meta property=\"og:locale\" content=\"lv_LV\" \/>\n<meta property=\"og:type\" content=\"article\" \/>\n<meta property=\"og:title\" content=\"Igaunijas SPA Asoci\u0101cija - Igaunijas k\u016brorta un rehabilit\u0101cijas \u0101rst\u0113\u0161anas asoci\u0101cin\" \/>\n<meta property=\"og:description\" content=\"The Traditions and the Present In Estonia you may in several places find therapeutic mud, the healing properties of which were known in folk medicine since ancient times. Spas in the present meaning of the word were established as early as in the 1820- 40\u2019s. Establishments were especially built or reconstructed for the use of...\" \/>\n<meta property=\"og:url\" content=\"https:\/\/www.estonianspas.eu\/lv\/par-mums\/igaunijas-spa-asociacija\/\" \/>\n<meta property=\"og:site_name\" content=\"Igaunijas k\u016brorta un rehabilit\u0101cijas \u0101rst\u0113\u0161anas asoci\u0101cin\" \/>\n<meta property=\"article:modified_time\" content=\"2020-03-14T23:57:11+00:00\" \/>\n<meta name=\"twitter:label1\" content=\"Est. reading time\" \/>\n\t<meta name=\"twitter:data1\" content=\"1 minute\" \/>\n<script type=\"application\/ld+json\" class=\"yoast-schema-graph\">{\"@context\":\"https:\/\/schema.org\",\"@graph\":[{\"@type\":\"WebPage\",\"@id\":\"https:\/\/www.estonianspas.eu\/lv\/par-mums\/igaunijas-spa-asociacija\/\",\"url\":\"https:\/\/www.estonianspas.eu\/lv\/par-mums\/igaunijas-spa-asociacija\/\",\"name\":\"Igaunijas SPA Asoci\u0101cija - Igaunijas k\u016brorta un rehabilit\u0101cijas \u0101rst\u0113\u0161anas asoci\u0101cin\",\"isPartOf\":{\"@id\":\"https:\/\/www.estonianspas.eu\/#website\"},\"datePublished\":\"2013-06-19T12:37:13+00:00\",\"dateModified\":\"2020-03-14T23:57:11+00:00\",\"breadcrumb\":{\"@id\":\"https:\/\/www.estonianspas.eu\/lv\/par-mums\/igaunijas-spa-asociacija\/#breadcrumb\"},\"inLanguage\":\"lv-LV\",\"potentialAction\":[{\"@type\":\"ReadAction\",\"target\":[\"https:\/\/www.estonianspas.eu\/lv\/par-mums\/igaunijas-spa-asociacija\/\"]}]},{\"@type\":\"BreadcrumbList\",\"@id\":\"https:\/\/www.estonianspas.eu\/lv\/par-mums\/igaunijas-spa-asociacija\/#breadcrumb\",\"itemListElement\":[{\"@type\":\"ListItem\",\"position\":1,\"name\":\"Avaleht\",\"item\":\"https:\/\/www.estonianspas.eu\/lv\/\"},{\"@type\":\"ListItem\",\"position\":2,\"name\":\"Par mums\",\"item\":\"https:\/\/www.estonianspas.eu\/lv\/par-mums\/\"},{\"@type\":\"ListItem\",\"position\":3,\"name\":\"Igaunijas SPA Asoci\u0101cija\"}]},{\"@type\":\"WebSite\",\"@id\":\"https:\/\/www.estonianspas.eu\/#website\",\"url\":\"https:\/\/www.estonianspas.eu\/\",\"name\":\"Igaunijas k\u016brorta un rehabilit\u0101cijas \u0101rst\u0113\u0161anas asoci\u0101cin\",\"description\":\"Eesti Spaaliit\",\"potentialAction\":[{\"@type\":\"SearchAction\",\"target\":{\"@type\":\"EntryPoint\",\"urlTemplate\":\"https:\/\/www.estonianspas.eu\/?s={search_term_string}\"},\"query-input\":\"required name=search_term_string\"}],\"inLanguage\":\"lv-LV\"}]}<\/script>\n<!-- \/ Yoast SEO plugin. -->","yoast_head_json":{"title":"Igaunijas SPA Asoci\u0101cija - Igaunijas k\u016brorta un rehabilit\u0101cijas \u0101rst\u0113\u0161anas asoci\u0101cin","robots":{"index":"index","follow":"follow","max-snippet":"max-snippet:-1","max-image-preview":"max-image-preview:large","max-video-preview":"max-video-preview:-1"},"canonical":"https:\/\/www.estonianspas.eu\/lv\/par-mums\/igaunijas-spa-asociacija\/","og_locale":"lv_LV","og_type":"article","og_title":"Igaunijas SPA Asoci\u0101cija - Igaunijas k\u016brorta un rehabilit\u0101cijas \u0101rst\u0113\u0161anas asoci\u0101cin","og_description":"The Traditions and the Present In Estonia you may in several places find therapeutic mud, the healing properties of which were known in folk medicine since ancient times. Spas in the present meaning of the word were established as early as in the 1820- 40\u2019s. Establishments were especially built or reconstructed for the use of...","og_url":"https:\/\/www.estonianspas.eu\/lv\/par-mums\/igaunijas-spa-asociacija\/","og_site_name":"Igaunijas k\u016brorta un rehabilit\u0101cijas \u0101rst\u0113\u0161anas asoci\u0101cin","article_modified_time":"2020-03-14T23:57:11+00:00","twitter_misc":{"Est. reading time":"1 minute"},"schema":{"@context":"https:\/\/schema.org","@graph":[{"@type":"WebPage","@id":"https:\/\/www.estonianspas.eu\/lv\/par-mums\/igaunijas-spa-asociacija\/","url":"https:\/\/www.estonianspas.eu\/lv\/par-mums\/igaunijas-spa-asociacija\/","name":"Igaunijas SPA Asoci\u0101cija - Igaunijas k\u016brorta un rehabilit\u0101cijas \u0101rst\u0113\u0161anas asoci\u0101cin","isPartOf":{"@id":"https:\/\/www.estonianspas.eu\/#website"},"datePublished":"2013-06-19T12:37:13+00:00","dateModified":"2020-03-14T23:57:11+00:00","breadcrumb":{"@id":"https:\/\/www.estonianspas.eu\/lv\/par-mums\/igaunijas-spa-asociacija\/#breadcrumb"},"inLanguage":"lv-LV","potentialAction":[{"@type":"ReadAction","target":["https:\/\/www.estonianspas.eu\/lv\/par-mums\/igaunijas-spa-asociacija\/"]}]},{"@type":"BreadcrumbList","@id":"https:\/\/www.estonianspas.eu\/lv\/par-mums\/igaunijas-spa-asociacija\/#breadcrumb","itemListElement":[{"@type":"ListItem","position":1,"name":"Avaleht","item":"https:\/\/www.estonianspas.eu\/lv\/"},{"@type":"ListItem","position":2,"name":"Par mums","item":"https:\/\/www.estonianspas.eu\/lv\/par-mums\/"},{"@type":"ListItem","position":3,"name":"Igaunijas SPA Asoci\u0101cija"}]},{"@type":"WebSite","@id":"https:\/\/www.estonianspas.eu\/#website","url":"https:\/\/www.estonianspas.eu\/","name":"Igaunijas k\u016brorta un rehabilit\u0101cijas \u0101rst\u0113\u0161anas asoci\u0101cin","description":"Eesti Spaaliit","potentialAction":[{"@type":"SearchAction","target":{"@type":"EntryPoint","urlTemplate":"https:\/\/www.estonianspas.eu\/?s={search_term_string}"},"query-input":"required name=search_term_string"}],"inLanguage":"lv-LV"}]}},"_links":{"self":[{"href":"https:\/\/www.estonianspas.eu\/lv\/wp-json\/wp\/v2\/pages\/1576"}],"collection":[{"href":"https:\/\/www.estonianspas.eu\/lv\/wp-json\/wp\/v2\/pages"}],"about":[{"href":"https:\/\/www.estonianspas.eu\/lv\/wp-json\/wp\/v2\/types\/page"}],"author":[{"embeddable":true,"href":"https:\/\/www.estonianspas.eu\/lv\/wp-json\/wp\/v2\/users\/8"}],"replies":[{"embeddable":true,"href":"https:\/\/www.estonianspas.eu\/lv\/wp-json\/wp\/v2\/comments?post=1576"}],"version-history":[{"count":0,"href":"https:\/\/www.estonianspas.eu\/lv\/wp-json\/wp\/v2\/pages\/1576\/revisions"}],"up":[{"embeddable":true,"href":"https:\/\/www.estonianspas.eu\/lv\/wp-json\/wp\/v2\/pages\/2447"}],"wp:attachment":[{"href":"https:\/\/www.estonianspas.eu\/lv\/wp-json\/wp\/v2\/media?parent=1576"}],"curies":[{"name":"wp","href":"https:\/\/api.w.org\/{rel}","templated":true}]}}