{"id":20983,"date":"2015-12-04T17:14:29","date_gmt":"2015-12-04T15:14:29","guid":{"rendered":"http:\/\/www.estonianspas.eu\/lv\/about\/liituge-uudiskirjaga\/"},"modified":"2023-05-12T08:34:56","modified_gmt":"2023-05-12T06:34:56","slug":"abonejiet-informativo-izdevumu","status":"publish","type":"page","link":"https:\/\/www.estonianspas.eu\/lv\/par-mums\/abonejiet-informativo-izdevumu\/","title":{"rendered":"Abon\u0113jiet informat\u012bvo izdevumu"},"content":{"rendered":"<p>Abon\u0113jot informat\u012bvo izdevumu, j\u016bs piekr\u012btat, ka Eesti Spaaliit (Sadama 9\/11, Haapsalu, Igaunija) saglab\u0101 j\u016bsu e-pasta adresi un v\u0101rdu un izmanto \u0161o kontaktinform\u0101ciju, lai nos\u016bt\u012btu jums inform\u0101ciju par Eesti Spaaliit pied\u0101v\u0101tajiem produktiem un pakalpojumiem un lai nov\u0113rotu j\u016bsu iepirk\u0161an\u0101s paradumus. Attiec\u012bb\u0101 uz j\u016bsu v\u0101rda un e-pasta izmanto\u0161anu uz jums attiecas visas Personas datu aizsardz\u012bbas akt\u0101 un Elektronisko kumunik\u0101ciju akt\u0101 noteikt\u0101s ties\u012bbas, ko m\u0113s ap\u0146emamies piln\u012bb\u0101 iev\u0113rot.<\/p>\n<p><iframe loading=\"lazy\" src=\"https:\/\/etwd4kqu.sendsmaily.net\/landing-pages\/69e687de-ea2e-416f-b875-7dc3145e7591\/html\/\" frameborder=\"0\" style=\"width: 270px; height: 250px; border: 0px;\"><\/iframe><\/p>\n","protected":false},"excerpt":{"rendered":"<p>Abon\u0113jot informat\u012bvo izdevumu, j\u016bs piekr\u012btat, ka Eesti Spaaliit (Sadama 9\/11, Haapsalu, Igaunija) saglab\u0101 j\u016bsu e-pasta adresi un v\u0101rdu un izmanto \u0161o kontaktinform\u0101ciju, lai nos\u016bt\u012btu jums inform\u0101ciju par Eesti Spaaliit pied\u0101v\u0101tajiem produktiem un pakalpojumiem un lai nov\u0113rotu j\u016bsu iepirk\u0161an\u0101s paradumus. Attiec\u012bb\u0101 uz j\u016bsu v\u0101rda un e-pasta izmanto\u0161anu uz jums attiecas visas Personas datu aizsardz\u012bbas akt\u0101 un&#8230;<\/p>\n","protected":false},"author":17,"featured_media":0,"parent":2447,"menu_order":9,"comment_status":"closed","ping_status":"closed","template":"","meta":{"_acf_changed":false,"footnotes":""},"acf":[],"yoast_head":"<!-- This site is optimized with the Yoast SEO plugin v22.8 - https:\/\/yoast.com\/wordpress\/plugins\/seo\/ -->\n<title>Abon\u0113jiet informat\u012bvo izdevumu - Igaunijas k\u016brorta un rehabilit\u0101cijas \u0101rst\u0113\u0161anas asoci\u0101cin<\/title>\n<meta name=\"robots\" content=\"index, follow, max-snippet:-1, max-image-preview:large, max-video-preview:-1\" \/>\n<link rel=\"canonical\" href=\"https:\/\/www.estonianspas.eu\/lv\/par-mums\/abonejiet-informativo-izdevumu\/\" \/>\n<meta property=\"og:locale\" content=\"lv_LV\" \/>\n<meta property=\"og:type\" content=\"article\" \/>\n<meta property=\"og:title\" content=\"Abon\u0113jiet informat\u012bvo izdevumu - Igaunijas k\u016brorta un rehabilit\u0101cijas \u0101rst\u0113\u0161anas asoci\u0101cin\" \/>\n<meta property=\"og:description\" content=\"Abon\u0113jot informat\u012bvo izdevumu, j\u016bs piekr\u012btat, ka Eesti Spaaliit (Sadama 9\/11, Haapsalu, Igaunija) saglab\u0101 j\u016bsu e-pasta adresi un v\u0101rdu un izmanto \u0161o kontaktinform\u0101ciju, lai nos\u016bt\u012btu jums inform\u0101ciju par Eesti Spaaliit pied\u0101v\u0101tajiem produktiem un pakalpojumiem un lai nov\u0113rotu j\u016bsu iepirk\u0161an\u0101s paradumus. Attiec\u012bb\u0101 uz j\u016bsu v\u0101rda un e-pasta izmanto\u0161anu uz jums attiecas visas Personas datu aizsardz\u012bbas akt\u0101 un...\" \/>\n<meta property=\"og:url\" content=\"https:\/\/www.estonianspas.eu\/lv\/par-mums\/abonejiet-informativo-izdevumu\/\" \/>\n<meta property=\"og:site_name\" content=\"Igaunijas k\u016brorta un rehabilit\u0101cijas \u0101rst\u0113\u0161anas asoci\u0101cin\" \/>\n<meta property=\"article:modified_time\" content=\"2023-05-12T06:34:56+00:00\" \/>\n<meta name=\"twitter:label1\" content=\"Est. reading time\" \/>\n\t<meta name=\"twitter:data1\" content=\"1 minute\" \/>\n<script type=\"application\/ld+json\" class=\"yoast-schema-graph\">{\"@context\":\"https:\/\/schema.org\",\"@graph\":[{\"@type\":\"WebPage\",\"@id\":\"https:\/\/www.estonianspas.eu\/lv\/par-mums\/abonejiet-informativo-izdevumu\/\",\"url\":\"https:\/\/www.estonianspas.eu\/lv\/par-mums\/abonejiet-informativo-izdevumu\/\",\"name\":\"Abon\u0113jiet informat\u012bvo izdevumu - Igaunijas k\u016brorta un rehabilit\u0101cijas \u0101rst\u0113\u0161anas asoci\u0101cin\",\"isPartOf\":{\"@id\":\"https:\/\/www.estonianspas.eu\/#website\"},\"datePublished\":\"2015-12-04T15:14:29+00:00\",\"dateModified\":\"2023-05-12T06:34:56+00:00\",\"breadcrumb\":{\"@id\":\"https:\/\/www.estonianspas.eu\/lv\/par-mums\/abonejiet-informativo-izdevumu\/#breadcrumb\"},\"inLanguage\":\"lv-LV\",\"potentialAction\":[{\"@type\":\"ReadAction\",\"target\":[\"https:\/\/www.estonianspas.eu\/lv\/par-mums\/abonejiet-informativo-izdevumu\/\"]}]},{\"@type\":\"BreadcrumbList\",\"@id\":\"https:\/\/www.estonianspas.eu\/lv\/par-mums\/abonejiet-informativo-izdevumu\/#breadcrumb\",\"itemListElement\":[{\"@type\":\"ListItem\",\"position\":1,\"name\":\"Avaleht\",\"item\":\"https:\/\/www.estonianspas.eu\/lv\/\"},{\"@type\":\"ListItem\",\"position\":2,\"name\":\"Par mums\",\"item\":\"https:\/\/www.estonianspas.eu\/lv\/par-mums\/\"},{\"@type\":\"ListItem\",\"position\":3,\"name\":\"Abon\u0113jiet informat\u012bvo izdevumu\"}]},{\"@type\":\"WebSite\",\"@id\":\"https:\/\/www.estonianspas.eu\/#website\",\"url\":\"https:\/\/www.estonianspas.eu\/\",\"name\":\"Igaunijas k\u016brorta un rehabilit\u0101cijas \u0101rst\u0113\u0161anas asoci\u0101cin\",\"description\":\"Eesti Spaaliit\",\"potentialAction\":[{\"@type\":\"SearchAction\",\"target\":{\"@type\":\"EntryPoint\",\"urlTemplate\":\"https:\/\/www.estonianspas.eu\/?s={search_term_string}\"},\"query-input\":\"required name=search_term_string\"}],\"inLanguage\":\"lv-LV\"}]}<\/script>\n<!-- \/ Yoast SEO plugin. -->","yoast_head_json":{"title":"Abon\u0113jiet informat\u012bvo izdevumu - Igaunijas k\u016brorta un rehabilit\u0101cijas \u0101rst\u0113\u0161anas asoci\u0101cin","robots":{"index":"index","follow":"follow","max-snippet":"max-snippet:-1","max-image-preview":"max-image-preview:large","max-video-preview":"max-video-preview:-1"},"canonical":"https:\/\/www.estonianspas.eu\/lv\/par-mums\/abonejiet-informativo-izdevumu\/","og_locale":"lv_LV","og_type":"article","og_title":"Abon\u0113jiet informat\u012bvo izdevumu - Igaunijas k\u016brorta un rehabilit\u0101cijas \u0101rst\u0113\u0161anas asoci\u0101cin","og_description":"Abon\u0113jot informat\u012bvo izdevumu, j\u016bs piekr\u012btat, ka Eesti Spaaliit (Sadama 9\/11, Haapsalu, Igaunija) saglab\u0101 j\u016bsu e-pasta adresi un v\u0101rdu un izmanto \u0161o kontaktinform\u0101ciju, lai nos\u016bt\u012btu jums inform\u0101ciju par Eesti Spaaliit pied\u0101v\u0101tajiem produktiem un pakalpojumiem un lai nov\u0113rotu j\u016bsu iepirk\u0161an\u0101s paradumus. Attiec\u012bb\u0101 uz j\u016bsu v\u0101rda un e-pasta izmanto\u0161anu uz jums attiecas visas Personas datu aizsardz\u012bbas akt\u0101 un...","og_url":"https:\/\/www.estonianspas.eu\/lv\/par-mums\/abonejiet-informativo-izdevumu\/","og_site_name":"Igaunijas k\u016brorta un rehabilit\u0101cijas \u0101rst\u0113\u0161anas asoci\u0101cin","article_modified_time":"2023-05-12T06:34:56+00:00","twitter_misc":{"Est. reading time":"1 minute"},"schema":{"@context":"https:\/\/schema.org","@graph":[{"@type":"WebPage","@id":"https:\/\/www.estonianspas.eu\/lv\/par-mums\/abonejiet-informativo-izdevumu\/","url":"https:\/\/www.estonianspas.eu\/lv\/par-mums\/abonejiet-informativo-izdevumu\/","name":"Abon\u0113jiet informat\u012bvo izdevumu - Igaunijas k\u016brorta un rehabilit\u0101cijas \u0101rst\u0113\u0161anas asoci\u0101cin","isPartOf":{"@id":"https:\/\/www.estonianspas.eu\/#website"},"datePublished":"2015-12-04T15:14:29+00:00","dateModified":"2023-05-12T06:34:56+00:00","breadcrumb":{"@id":"https:\/\/www.estonianspas.eu\/lv\/par-mums\/abonejiet-informativo-izdevumu\/#breadcrumb"},"inLanguage":"lv-LV","potentialAction":[{"@type":"ReadAction","target":["https:\/\/www.estonianspas.eu\/lv\/par-mums\/abonejiet-informativo-izdevumu\/"]}]},{"@type":"BreadcrumbList","@id":"https:\/\/www.estonianspas.eu\/lv\/par-mums\/abonejiet-informativo-izdevumu\/#breadcrumb","itemListElement":[{"@type":"ListItem","position":1,"name":"Avaleht","item":"https:\/\/www.estonianspas.eu\/lv\/"},{"@type":"ListItem","position":2,"name":"Par mums","item":"https:\/\/www.estonianspas.eu\/lv\/par-mums\/"},{"@type":"ListItem","position":3,"name":"Abon\u0113jiet informat\u012bvo izdevumu"}]},{"@type":"WebSite","@id":"https:\/\/www.estonianspas.eu\/#website","url":"https:\/\/www.estonianspas.eu\/","name":"Igaunijas k\u016brorta un rehabilit\u0101cijas \u0101rst\u0113\u0161anas asoci\u0101cin","description":"Eesti Spaaliit","potentialAction":[{"@type":"SearchAction","target":{"@type":"EntryPoint","urlTemplate":"https:\/\/www.estonianspas.eu\/?s={search_term_string}"},"query-input":"required name=search_term_string"}],"inLanguage":"lv-LV"}]}},"_links":{"self":[{"href":"https:\/\/www.estonianspas.eu\/lv\/wp-json\/wp\/v2\/pages\/20983"}],"collection":[{"href":"https:\/\/www.estonianspas.eu\/lv\/wp-json\/wp\/v2\/pages"}],"about":[{"href":"https:\/\/www.estonianspas.eu\/lv\/wp-json\/wp\/v2\/types\/page"}],"author":[{"embeddable":true,"href":"https:\/\/www.estonianspas.eu\/lv\/wp-json\/wp\/v2\/users\/17"}],"replies":[{"embeddable":true,"href":"https:\/\/www.estonianspas.eu\/lv\/wp-json\/wp\/v2\/comments?post=20983"}],"version-history":[{"count":1,"href":"https:\/\/www.estonianspas.eu\/lv\/wp-json\/wp\/v2\/pages\/20983\/revisions"}],"predecessor-version":[{"id":30264,"href":"https:\/\/www.estonianspas.eu\/lv\/wp-json\/wp\/v2\/pages\/20983\/revisions\/30264"}],"up":[{"embeddable":true,"href":"https:\/\/www.estonianspas.eu\/lv\/wp-json\/wp\/v2\/pages\/2447"}],"wp:attachment":[{"href":"https:\/\/www.estonianspas.eu\/lv\/wp-json\/wp\/v2\/media?parent=20983"}],"curies":[{"name":"wp","href":"https:\/\/api.w.org\/{rel}","templated":true}]}}