{"id":21028,"date":"2015-12-01T17:00:29","date_gmt":"2015-12-01T15:00:29","guid":{"rendered":"http:\/\/www.estonianspas.eu\/lv\/uudised\/"},"modified":"2015-12-09T15:54:36","modified_gmt":"2015-12-09T13:54:36","slug":"jaunumi","status":"publish","type":"page","link":"https:\/\/www.estonianspas.eu\/lv\/jaunumi\/","title":{"rendered":"Jaunumi"},"content":{"rendered":"","protected":false},"excerpt":{"rendered":"","protected":false},"author":15,"featured_media":0,"parent":0,"menu_order":0,"comment_status":"closed","ping_status":"closed","template":"page-news.php","meta":{"_acf_changed":false,"footnotes":""},"acf":[],"yoast_head":"<!-- This site is optimized with the Yoast SEO plugin v22.8 - https:\/\/yoast.com\/wordpress\/plugins\/seo\/ -->\n<title>Jaunumi - Igaunijas k\u016brorta un rehabilit\u0101cijas \u0101rst\u0113\u0161anas asoci\u0101cin<\/title>\n<meta name=\"robots\" content=\"index, follow, max-snippet:-1, max-image-preview:large, max-video-preview:-1\" \/>\n<link rel=\"canonical\" href=\"https:\/\/www.estonianspas.eu\/lv\/jaunumi\/\" \/>\n<meta property=\"og:locale\" content=\"lv_LV\" \/>\n<meta property=\"og:type\" content=\"article\" \/>\n<meta property=\"og:title\" content=\"Jaunumi - Igaunijas k\u016brorta un rehabilit\u0101cijas \u0101rst\u0113\u0161anas asoci\u0101cin\" \/>\n<meta property=\"og:url\" content=\"https:\/\/www.estonianspas.eu\/lv\/jaunumi\/\" \/>\n<meta property=\"og:site_name\" content=\"Igaunijas k\u016brorta un rehabilit\u0101cijas \u0101rst\u0113\u0161anas asoci\u0101cin\" \/>\n<meta property=\"article:modified_time\" content=\"2015-12-09T13:54:36+00:00\" \/>\n<script type=\"application\/ld+json\" class=\"yoast-schema-graph\">{\"@context\":\"https:\/\/schema.org\",\"@graph\":[{\"@type\":\"WebPage\",\"@id\":\"https:\/\/www.estonianspas.eu\/lv\/jaunumi\/\",\"url\":\"https:\/\/www.estonianspas.eu\/lv\/jaunumi\/\",\"name\":\"Jaunumi - Igaunijas k\u016brorta un rehabilit\u0101cijas \u0101rst\u0113\u0161anas asoci\u0101cin\",\"isPartOf\":{\"@id\":\"https:\/\/www.estonianspas.eu\/#website\"},\"datePublished\":\"2015-12-01T15:00:29+00:00\",\"dateModified\":\"2015-12-09T13:54:36+00:00\",\"breadcrumb\":{\"@id\":\"https:\/\/www.estonianspas.eu\/lv\/jaunumi\/#breadcrumb\"},\"inLanguage\":\"lv-LV\",\"potentialAction\":[{\"@type\":\"ReadAction\",\"target\":[\"https:\/\/www.estonianspas.eu\/lv\/jaunumi\/\"]}]},{\"@type\":\"BreadcrumbList\",\"@id\":\"https:\/\/www.estonianspas.eu\/lv\/jaunumi\/#breadcrumb\",\"itemListElement\":[{\"@type\":\"ListItem\",\"position\":1,\"name\":\"Avaleht\",\"item\":\"https:\/\/www.estonianspas.eu\/lv\/\"},{\"@type\":\"ListItem\",\"position\":2,\"name\":\"Jaunumi\"}]},{\"@type\":\"WebSite\",\"@id\":\"https:\/\/www.estonianspas.eu\/#website\",\"url\":\"https:\/\/www.estonianspas.eu\/\",\"name\":\"Igaunijas k\u016brorta un rehabilit\u0101cijas \u0101rst\u0113\u0161anas asoci\u0101cin\",\"description\":\"Eesti Spaaliit\",\"potentialAction\":[{\"@type\":\"SearchAction\",\"target\":{\"@type\":\"EntryPoint\",\"urlTemplate\":\"https:\/\/www.estonianspas.eu\/?s={search_term_string}\"},\"query-input\":\"required name=search_term_string\"}],\"inLanguage\":\"lv-LV\"}]}<\/script>\n<!-- \/ Yoast SEO plugin. -->","yoast_head_json":{"title":"Jaunumi - Igaunijas k\u016brorta un rehabilit\u0101cijas \u0101rst\u0113\u0161anas asoci\u0101cin","robots":{"index":"index","follow":"follow","max-snippet":"max-snippet:-1","max-image-preview":"max-image-preview:large","max-video-preview":"max-video-preview:-1"},"canonical":"https:\/\/www.estonianspas.eu\/lv\/jaunumi\/","og_locale":"lv_LV","og_type":"article","og_title":"Jaunumi - Igaunijas k\u016brorta un rehabilit\u0101cijas \u0101rst\u0113\u0161anas asoci\u0101cin","og_url":"https:\/\/www.estonianspas.eu\/lv\/jaunumi\/","og_site_name":"Igaunijas k\u016brorta un rehabilit\u0101cijas \u0101rst\u0113\u0161anas asoci\u0101cin","article_modified_time":"2015-12-09T13:54:36+00:00","schema":{"@context":"https:\/\/schema.org","@graph":[{"@type":"WebPage","@id":"https:\/\/www.estonianspas.eu\/lv\/jaunumi\/","url":"https:\/\/www.estonianspas.eu\/lv\/jaunumi\/","name":"Jaunumi - Igaunijas k\u016brorta un rehabilit\u0101cijas \u0101rst\u0113\u0161anas asoci\u0101cin","isPartOf":{"@id":"https:\/\/www.estonianspas.eu\/#website"},"datePublished":"2015-12-01T15:00:29+00:00","dateModified":"2015-12-09T13:54:36+00:00","breadcrumb":{"@id":"https:\/\/www.estonianspas.eu\/lv\/jaunumi\/#breadcrumb"},"inLanguage":"lv-LV","potentialAction":[{"@type":"ReadAction","target":["https:\/\/www.estonianspas.eu\/lv\/jaunumi\/"]}]},{"@type":"BreadcrumbList","@id":"https:\/\/www.estonianspas.eu\/lv\/jaunumi\/#breadcrumb","itemListElement":[{"@type":"ListItem","position":1,"name":"Avaleht","item":"https:\/\/www.estonianspas.eu\/lv\/"},{"@type":"ListItem","position":2,"name":"Jaunumi"}]},{"@type":"WebSite","@id":"https:\/\/www.estonianspas.eu\/#website","url":"https:\/\/www.estonianspas.eu\/","name":"Igaunijas k\u016brorta un rehabilit\u0101cijas \u0101rst\u0113\u0161anas asoci\u0101cin","description":"Eesti Spaaliit","potentialAction":[{"@type":"SearchAction","target":{"@type":"EntryPoint","urlTemplate":"https:\/\/www.estonianspas.eu\/?s={search_term_string}"},"query-input":"required name=search_term_string"}],"inLanguage":"lv-LV"}]}},"_links":{"self":[{"href":"https:\/\/www.estonianspas.eu\/lv\/wp-json\/wp\/v2\/pages\/21028"}],"collection":[{"href":"https:\/\/www.estonianspas.eu\/lv\/wp-json\/wp\/v2\/pages"}],"about":[{"href":"https:\/\/www.estonianspas.eu\/lv\/wp-json\/wp\/v2\/types\/page"}],"author":[{"embeddable":true,"href":"https:\/\/www.estonianspas.eu\/lv\/wp-json\/wp\/v2\/users\/15"}],"replies":[{"embeddable":true,"href":"https:\/\/www.estonianspas.eu\/lv\/wp-json\/wp\/v2\/comments?post=21028"}],"version-history":[{"count":0,"href":"https:\/\/www.estonianspas.eu\/lv\/wp-json\/wp\/v2\/pages\/21028\/revisions"}],"wp:attachment":[{"href":"https:\/\/www.estonianspas.eu\/lv\/wp-json\/wp\/v2\/media?parent=21028"}],"curies":[{"name":"wp","href":"https:\/\/api.w.org\/{rel}","templated":true}]}}