{"id":1572,"date":"2013-06-21T11:29:02","date_gmt":"2013-06-21T11:29:02","guid":{"rendered":"http:\/\/healthrepublic.ee\/?page_id=1572"},"modified":"2020-03-24T16:59:04","modified_gmt":"2020-03-24T14:59:04","slug":"historia","status":"publish","type":"page","link":"https:\/\/www.estonianspas.eu\/sv\/historia\/","title":{"rendered":"Historia"},"content":{"rendered":"<p>Landets spa-traditioner g\u00e5r hundratals \u00e5r tillbaka. En av anledningarna till att dessa kurorter utvecklades h\u00e4r var den lokala gyttjan, k\u00e4nd f\u00f6r sina terapeutiska egenskaper. P\u00e4rnu, Haapsalu, Kuressaare och Narva-J\u00f5esuu har varit fashionabla kurorter sedan 1820-talet, medan \u00e4ven V\u00e4rska, Kubija, P\u00fchaj\u00e4rve, Toila, Viimsi och naturligtvis Tallinn kan skryta med sina utm\u00e4rkta span.<\/p>\n<p><strong>ESTLANDS MEDICINSKA SPA \u2013 MER \u00c4N BUBBELBAD<\/strong><\/p>\n<p>Spanas popularitet \u00e4r en \u00e5terspegling av utvecklingen i Estlands h\u00e4lsoturism. Med tanke p\u00e5 det hektiska livet vi leder idag \u00e4r en uppfriskande paus fr\u00e5n vardagens j\u00e4kt ett av de b\u00e4sta s\u00e4tten att h\u00e5lla sig frisk. H\u00f6gkvalitativa behandlingar och terapi hj\u00e4lper dig att f\u00e5 ut det mesta av din vistelse p\u00e5 n\u00e5gon av v\u00e5ra kurorter.<\/p>\n<p><strong><strong>ESTLANDS MEDICINSKA SPA \u2013<\/strong>\u00a0M\u00d6JLIGHET ATT KOMBINERA SEMESTER MED FRISKV\u00c5RD OCH V\u00c4LBEFINNANDE<\/strong><\/p>\n<p>2008 slutf\u00f6rdes kvalitetssystemet f\u00f6r medical spahotell och de f\u00f6rsta medical spana genomgick en ackreditering. Systemet har utformats f\u00f6r att informera kunder om utbudet av tillg\u00e4ngliga tj\u00e4nster och dess egenskaper. Det faktum att tj\u00e4nsterna uppfyller systemets krav \u2013 och i vilken utstr\u00e4ckning de uppfyller dem \u2013 \u00e4r ett tecken p\u00e5 kvalitet som kunderna kan f\u00f6rv\u00e4nta sig n\u00e4r de bes\u00f6ker Estlands span.<\/p>\n<p>Hittills har medical spa status har beviljats Tervis Medical Spa, Viiking Spa och Estonia Spa i P\u00e4rnu, Fra Mare Thalasso Spa och Laine Spahotell i Haapsalu, samt Toila Spahotell och V\u00e4rska Spahotell.<\/p>\n<p>Ett kvalitetssystem har ocks\u00e5 utvecklats f\u00f6r wellness spa och vi hoppas att kunna ge certifikat till de f\u00f6rsta anl\u00e4ggningarna inom en snar framtid.<\/p>\n","protected":false},"excerpt":{"rendered":"<p>Landets spa-traditioner g\u00e5r hundratals \u00e5r tillbaka. En av anledningarna till att dessa kurorter utvecklades h\u00e4r var den lokala gyttjan, k\u00e4nd f\u00f6r sina terapeutiska egenskaper. P\u00e4rnu, Haapsalu, Kuressaare och Narva-J\u00f5esuu har varit fashionabla kurorter sedan 1820-talet, medan \u00e4ven V\u00e4rska, Kubija, P\u00fchaj\u00e4rve, Toila, Viimsi och naturligtvis Tallinn kan skryta med sina utm\u00e4rkta span. ESTLANDS MEDICINSKA SPA \u2013&#8230;<\/p>\n","protected":false},"author":8,"featured_media":0,"parent":0,"menu_order":19,"comment_status":"open","ping_status":"open","template":"page-timeline.php","meta":{"_acf_changed":false,"footnotes":""},"acf":[],"yoast_head":"<!-- This site is optimized with the Yoast SEO plugin v22.8 - https:\/\/yoast.com\/wordpress\/plugins\/seo\/ -->\n<title>Historia - Estlands Spaf\u00f6rbund<\/title>\n<meta name=\"robots\" content=\"index, follow, max-snippet:-1, max-image-preview:large, max-video-preview:-1\" \/>\n<link rel=\"canonical\" href=\"https:\/\/www.estonianspas.eu\/sv\/historia\/\" \/>\n<meta property=\"og:locale\" content=\"sv_SE\" \/>\n<meta property=\"og:type\" content=\"article\" \/>\n<meta property=\"og:title\" content=\"Historia - Estlands Spaf\u00f6rbund\" \/>\n<meta property=\"og:description\" content=\"Landets spa-traditioner g\u00e5r hundratals \u00e5r tillbaka. En av anledningarna till att dessa kurorter utvecklades h\u00e4r var den lokala gyttjan, k\u00e4nd f\u00f6r sina terapeutiska egenskaper. P\u00e4rnu, Haapsalu, Kuressaare och Narva-J\u00f5esuu har varit fashionabla kurorter sedan 1820-talet, medan \u00e4ven V\u00e4rska, Kubija, P\u00fchaj\u00e4rve, Toila, Viimsi och naturligtvis Tallinn kan skryta med sina utm\u00e4rkta span. ESTLANDS MEDICINSKA SPA \u2013...\" \/>\n<meta property=\"og:url\" content=\"https:\/\/www.estonianspas.eu\/sv\/historia\/\" \/>\n<meta property=\"og:site_name\" content=\"Estlands Spaf\u00f6rbund\" \/>\n<meta property=\"article:modified_time\" content=\"2020-03-24T14:59:04+00:00\" \/>\n<meta name=\"twitter:label1\" content=\"Ber\u00e4knad l\u00e4stid\" \/>\n\t<meta name=\"twitter:data1\" content=\"1 minut\" \/>\n<script type=\"application\/ld+json\" class=\"yoast-schema-graph\">{\"@context\":\"https:\/\/schema.org\",\"@graph\":[{\"@type\":\"WebPage\",\"@id\":\"https:\/\/www.estonianspas.eu\/sv\/historia\/\",\"url\":\"https:\/\/www.estonianspas.eu\/sv\/historia\/\",\"name\":\"Historia - Estlands Spaf\u00f6rbund\",\"isPartOf\":{\"@id\":\"https:\/\/www.estonianspas.eu\/#website\"},\"datePublished\":\"2013-06-21T11:29:02+00:00\",\"dateModified\":\"2020-03-24T14:59:04+00:00\",\"breadcrumb\":{\"@id\":\"https:\/\/www.estonianspas.eu\/sv\/historia\/#breadcrumb\"},\"inLanguage\":\"sv-SE\",\"potentialAction\":[{\"@type\":\"ReadAction\",\"target\":[\"https:\/\/www.estonianspas.eu\/sv\/historia\/\"]}]},{\"@type\":\"BreadcrumbList\",\"@id\":\"https:\/\/www.estonianspas.eu\/sv\/historia\/#breadcrumb\",\"itemListElement\":[{\"@type\":\"ListItem\",\"position\":1,\"name\":\"Avaleht\",\"item\":\"https:\/\/www.estonianspas.eu\/sv\/\"},{\"@type\":\"ListItem\",\"position\":2,\"name\":\"Historia\"}]},{\"@type\":\"WebSite\",\"@id\":\"https:\/\/www.estonianspas.eu\/#website\",\"url\":\"https:\/\/www.estonianspas.eu\/\",\"name\":\"Estlands Spaf\u00f6rbund\",\"description\":\"Eesti Spaaliit\",\"potentialAction\":[{\"@type\":\"SearchAction\",\"target\":{\"@type\":\"EntryPoint\",\"urlTemplate\":\"https:\/\/www.estonianspas.eu\/?s={search_term_string}\"},\"query-input\":\"required name=search_term_string\"}],\"inLanguage\":\"sv-SE\"}]}<\/script>\n<!-- \/ Yoast SEO plugin. -->","yoast_head_json":{"title":"Historia - Estlands Spaf\u00f6rbund","robots":{"index":"index","follow":"follow","max-snippet":"max-snippet:-1","max-image-preview":"max-image-preview:large","max-video-preview":"max-video-preview:-1"},"canonical":"https:\/\/www.estonianspas.eu\/sv\/historia\/","og_locale":"sv_SE","og_type":"article","og_title":"Historia - Estlands Spaf\u00f6rbund","og_description":"Landets spa-traditioner g\u00e5r hundratals \u00e5r tillbaka. En av anledningarna till att dessa kurorter utvecklades h\u00e4r var den lokala gyttjan, k\u00e4nd f\u00f6r sina terapeutiska egenskaper. P\u00e4rnu, Haapsalu, Kuressaare och Narva-J\u00f5esuu har varit fashionabla kurorter sedan 1820-talet, medan \u00e4ven V\u00e4rska, Kubija, P\u00fchaj\u00e4rve, Toila, Viimsi och naturligtvis Tallinn kan skryta med sina utm\u00e4rkta span. ESTLANDS MEDICINSKA SPA \u2013...","og_url":"https:\/\/www.estonianspas.eu\/sv\/historia\/","og_site_name":"Estlands Spaf\u00f6rbund","article_modified_time":"2020-03-24T14:59:04+00:00","twitter_misc":{"Ber\u00e4knad l\u00e4stid":"1 minut"},"schema":{"@context":"https:\/\/schema.org","@graph":[{"@type":"WebPage","@id":"https:\/\/www.estonianspas.eu\/sv\/historia\/","url":"https:\/\/www.estonianspas.eu\/sv\/historia\/","name":"Historia - Estlands Spaf\u00f6rbund","isPartOf":{"@id":"https:\/\/www.estonianspas.eu\/#website"},"datePublished":"2013-06-21T11:29:02+00:00","dateModified":"2020-03-24T14:59:04+00:00","breadcrumb":{"@id":"https:\/\/www.estonianspas.eu\/sv\/historia\/#breadcrumb"},"inLanguage":"sv-SE","potentialAction":[{"@type":"ReadAction","target":["https:\/\/www.estonianspas.eu\/sv\/historia\/"]}]},{"@type":"BreadcrumbList","@id":"https:\/\/www.estonianspas.eu\/sv\/historia\/#breadcrumb","itemListElement":[{"@type":"ListItem","position":1,"name":"Avaleht","item":"https:\/\/www.estonianspas.eu\/sv\/"},{"@type":"ListItem","position":2,"name":"Historia"}]},{"@type":"WebSite","@id":"https:\/\/www.estonianspas.eu\/#website","url":"https:\/\/www.estonianspas.eu\/","name":"Estlands Spaf\u00f6rbund","description":"Eesti Spaaliit","potentialAction":[{"@type":"SearchAction","target":{"@type":"EntryPoint","urlTemplate":"https:\/\/www.estonianspas.eu\/?s={search_term_string}"},"query-input":"required name=search_term_string"}],"inLanguage":"sv-SE"}]}},"_links":{"self":[{"href":"https:\/\/www.estonianspas.eu\/sv\/wp-json\/wp\/v2\/pages\/1572"}],"collection":[{"href":"https:\/\/www.estonianspas.eu\/sv\/wp-json\/wp\/v2\/pages"}],"about":[{"href":"https:\/\/www.estonianspas.eu\/sv\/wp-json\/wp\/v2\/types\/page"}],"author":[{"embeddable":true,"href":"https:\/\/www.estonianspas.eu\/sv\/wp-json\/wp\/v2\/users\/8"}],"replies":[{"embeddable":true,"href":"https:\/\/www.estonianspas.eu\/sv\/wp-json\/wp\/v2\/comments?post=1572"}],"version-history":[{"count":0,"href":"https:\/\/www.estonianspas.eu\/sv\/wp-json\/wp\/v2\/pages\/1572\/revisions"}],"wp:attachment":[{"href":"https:\/\/www.estonianspas.eu\/sv\/wp-json\/wp\/v2\/media?parent=1572"}],"curies":[{"name":"wp","href":"https:\/\/api.w.org\/{rel}","templated":true}]}}