{"id":20984,"date":"2015-12-04T17:14:29","date_gmt":"2015-12-04T15:14:29","guid":{"rendered":"http:\/\/www.estonianspas.eu\/sv\/about\/liituge-uudiskirjaga\/"},"modified":"2023-05-12T08:33:33","modified_gmt":"2023-05-12T06:33:33","slug":"prenumerera-pa-nyhetsbrev","status":"publish","type":"page","link":"https:\/\/www.estonianspas.eu\/sv\/om-oss\/prenumerera-pa-nyhetsbrev\/","title":{"rendered":"Prenumerera p\u00e5 nyhetsbrev"},"content":{"rendered":"<p>Genom att prenumerera p\u00e5 nyhetsbrevet ger du Eesti Spaaiit (Sadama 9\/11, Haapsalu, Estland) ditt samtycke till att spara din e-postadress och ditt namn, samt att anv\u00e4nda dessa uppgifter f\u00f6r att skicka information om varor och tj\u00e4nster som erbjuds av Eesti Spaaiit, och f\u00f6r att kartl\u00e4gga dina k\u00f6pvanor. Betr\u00e4ffande anv\u00e4ndningen av ditt namn och din e-postadress \u00e4r du skyddad av alla de r\u00e4ttigheter som f\u00f6reskrivs i lagen om skydd av personuppgifter och lagen om elektronisk kommunikation som vi \u00e4r fast beslutna att respektera.<\/p>\n<p><iframe loading=\"lazy\" src=\"https:\/\/etwd4kqu.sendsmaily.net\/landing-pages\/492126f3-44dc-4a03-932c-715d8ce4353b\/html\/\" frameborder=\"0\" style=\"width: 270px; height: 250px; border: 0px;\"><\/iframe><\/p>\n","protected":false},"excerpt":{"rendered":"<p>Genom att prenumerera p\u00e5 nyhetsbrevet ger du Eesti Spaaiit (Sadama 9\/11, Haapsalu, Estland) ditt samtycke till att spara din e-postadress och ditt namn, samt att anv\u00e4nda dessa uppgifter f\u00f6r att skicka information om varor och tj\u00e4nster som erbjuds av Eesti Spaaiit, och f\u00f6r att kartl\u00e4gga dina k\u00f6pvanor. Betr\u00e4ffande anv\u00e4ndningen av ditt namn och din e-postadress&#8230;<\/p>\n","protected":false},"author":17,"featured_media":0,"parent":2449,"menu_order":9,"comment_status":"closed","ping_status":"closed","template":"","meta":{"_acf_changed":false,"footnotes":""},"acf":[],"yoast_head":"<!-- This site is optimized with the Yoast SEO plugin v22.8 - https:\/\/yoast.com\/wordpress\/plugins\/seo\/ -->\n<title>Prenumerera p\u00e5 nyhetsbrev - Estlands Spaf\u00f6rbund<\/title>\n<meta name=\"robots\" content=\"index, follow, max-snippet:-1, max-image-preview:large, max-video-preview:-1\" \/>\n<link rel=\"canonical\" href=\"https:\/\/www.estonianspas.eu\/sv\/om-oss\/prenumerera-pa-nyhetsbrev\/\" \/>\n<meta property=\"og:locale\" content=\"sv_SE\" \/>\n<meta property=\"og:type\" content=\"article\" \/>\n<meta property=\"og:title\" content=\"Prenumerera p\u00e5 nyhetsbrev - Estlands Spaf\u00f6rbund\" \/>\n<meta property=\"og:description\" content=\"Genom att prenumerera p\u00e5 nyhetsbrevet ger du Eesti Spaaiit (Sadama 9\/11, Haapsalu, Estland) ditt samtycke till att spara din e-postadress och ditt namn, samt att anv\u00e4nda dessa uppgifter f\u00f6r att skicka information om varor och tj\u00e4nster som erbjuds av Eesti Spaaiit, och f\u00f6r att kartl\u00e4gga dina k\u00f6pvanor. Betr\u00e4ffande anv\u00e4ndningen av ditt namn och din e-postadress...\" \/>\n<meta property=\"og:url\" content=\"https:\/\/www.estonianspas.eu\/sv\/om-oss\/prenumerera-pa-nyhetsbrev\/\" \/>\n<meta property=\"og:site_name\" content=\"Estlands Spaf\u00f6rbund\" \/>\n<meta property=\"article:modified_time\" content=\"2023-05-12T06:33:33+00:00\" \/>\n<meta name=\"twitter:label1\" content=\"Ber\u00e4knad l\u00e4stid\" \/>\n\t<meta name=\"twitter:data1\" content=\"1 minut\" \/>\n<script type=\"application\/ld+json\" class=\"yoast-schema-graph\">{\"@context\":\"https:\/\/schema.org\",\"@graph\":[{\"@type\":\"WebPage\",\"@id\":\"https:\/\/www.estonianspas.eu\/sv\/om-oss\/prenumerera-pa-nyhetsbrev\/\",\"url\":\"https:\/\/www.estonianspas.eu\/sv\/om-oss\/prenumerera-pa-nyhetsbrev\/\",\"name\":\"Prenumerera p\u00e5 nyhetsbrev - Estlands Spaf\u00f6rbund\",\"isPartOf\":{\"@id\":\"https:\/\/www.estonianspas.eu\/#website\"},\"datePublished\":\"2015-12-04T15:14:29+00:00\",\"dateModified\":\"2023-05-12T06:33:33+00:00\",\"breadcrumb\":{\"@id\":\"https:\/\/www.estonianspas.eu\/sv\/om-oss\/prenumerera-pa-nyhetsbrev\/#breadcrumb\"},\"inLanguage\":\"sv-SE\",\"potentialAction\":[{\"@type\":\"ReadAction\",\"target\":[\"https:\/\/www.estonianspas.eu\/sv\/om-oss\/prenumerera-pa-nyhetsbrev\/\"]}]},{\"@type\":\"BreadcrumbList\",\"@id\":\"https:\/\/www.estonianspas.eu\/sv\/om-oss\/prenumerera-pa-nyhetsbrev\/#breadcrumb\",\"itemListElement\":[{\"@type\":\"ListItem\",\"position\":1,\"name\":\"Avaleht\",\"item\":\"https:\/\/www.estonianspas.eu\/sv\/\"},{\"@type\":\"ListItem\",\"position\":2,\"name\":\"Om oss\",\"item\":\"https:\/\/www.estonianspas.eu\/sv\/om-oss\/\"},{\"@type\":\"ListItem\",\"position\":3,\"name\":\"Prenumerera p\u00e5 nyhetsbrev\"}]},{\"@type\":\"WebSite\",\"@id\":\"https:\/\/www.estonianspas.eu\/#website\",\"url\":\"https:\/\/www.estonianspas.eu\/\",\"name\":\"Estlands Spaf\u00f6rbund\",\"description\":\"Eesti Spaaliit\",\"potentialAction\":[{\"@type\":\"SearchAction\",\"target\":{\"@type\":\"EntryPoint\",\"urlTemplate\":\"https:\/\/www.estonianspas.eu\/?s={search_term_string}\"},\"query-input\":\"required name=search_term_string\"}],\"inLanguage\":\"sv-SE\"}]}<\/script>\n<!-- \/ Yoast SEO plugin. -->","yoast_head_json":{"title":"Prenumerera p\u00e5 nyhetsbrev - Estlands Spaf\u00f6rbund","robots":{"index":"index","follow":"follow","max-snippet":"max-snippet:-1","max-image-preview":"max-image-preview:large","max-video-preview":"max-video-preview:-1"},"canonical":"https:\/\/www.estonianspas.eu\/sv\/om-oss\/prenumerera-pa-nyhetsbrev\/","og_locale":"sv_SE","og_type":"article","og_title":"Prenumerera p\u00e5 nyhetsbrev - Estlands Spaf\u00f6rbund","og_description":"Genom att prenumerera p\u00e5 nyhetsbrevet ger du Eesti Spaaiit (Sadama 9\/11, Haapsalu, Estland) ditt samtycke till att spara din e-postadress och ditt namn, samt att anv\u00e4nda dessa uppgifter f\u00f6r att skicka information om varor och tj\u00e4nster som erbjuds av Eesti Spaaiit, och f\u00f6r att kartl\u00e4gga dina k\u00f6pvanor. Betr\u00e4ffande anv\u00e4ndningen av ditt namn och din e-postadress...","og_url":"https:\/\/www.estonianspas.eu\/sv\/om-oss\/prenumerera-pa-nyhetsbrev\/","og_site_name":"Estlands Spaf\u00f6rbund","article_modified_time":"2023-05-12T06:33:33+00:00","twitter_misc":{"Ber\u00e4knad l\u00e4stid":"1 minut"},"schema":{"@context":"https:\/\/schema.org","@graph":[{"@type":"WebPage","@id":"https:\/\/www.estonianspas.eu\/sv\/om-oss\/prenumerera-pa-nyhetsbrev\/","url":"https:\/\/www.estonianspas.eu\/sv\/om-oss\/prenumerera-pa-nyhetsbrev\/","name":"Prenumerera p\u00e5 nyhetsbrev - Estlands Spaf\u00f6rbund","isPartOf":{"@id":"https:\/\/www.estonianspas.eu\/#website"},"datePublished":"2015-12-04T15:14:29+00:00","dateModified":"2023-05-12T06:33:33+00:00","breadcrumb":{"@id":"https:\/\/www.estonianspas.eu\/sv\/om-oss\/prenumerera-pa-nyhetsbrev\/#breadcrumb"},"inLanguage":"sv-SE","potentialAction":[{"@type":"ReadAction","target":["https:\/\/www.estonianspas.eu\/sv\/om-oss\/prenumerera-pa-nyhetsbrev\/"]}]},{"@type":"BreadcrumbList","@id":"https:\/\/www.estonianspas.eu\/sv\/om-oss\/prenumerera-pa-nyhetsbrev\/#breadcrumb","itemListElement":[{"@type":"ListItem","position":1,"name":"Avaleht","item":"https:\/\/www.estonianspas.eu\/sv\/"},{"@type":"ListItem","position":2,"name":"Om oss","item":"https:\/\/www.estonianspas.eu\/sv\/om-oss\/"},{"@type":"ListItem","position":3,"name":"Prenumerera p\u00e5 nyhetsbrev"}]},{"@type":"WebSite","@id":"https:\/\/www.estonianspas.eu\/#website","url":"https:\/\/www.estonianspas.eu\/","name":"Estlands Spaf\u00f6rbund","description":"Eesti Spaaliit","potentialAction":[{"@type":"SearchAction","target":{"@type":"EntryPoint","urlTemplate":"https:\/\/www.estonianspas.eu\/?s={search_term_string}"},"query-input":"required name=search_term_string"}],"inLanguage":"sv-SE"}]}},"_links":{"self":[{"href":"https:\/\/www.estonianspas.eu\/sv\/wp-json\/wp\/v2\/pages\/20984"}],"collection":[{"href":"https:\/\/www.estonianspas.eu\/sv\/wp-json\/wp\/v2\/pages"}],"about":[{"href":"https:\/\/www.estonianspas.eu\/sv\/wp-json\/wp\/v2\/types\/page"}],"author":[{"embeddable":true,"href":"https:\/\/www.estonianspas.eu\/sv\/wp-json\/wp\/v2\/users\/17"}],"replies":[{"embeddable":true,"href":"https:\/\/www.estonianspas.eu\/sv\/wp-json\/wp\/v2\/comments?post=20984"}],"version-history":[{"count":1,"href":"https:\/\/www.estonianspas.eu\/sv\/wp-json\/wp\/v2\/pages\/20984\/revisions"}],"predecessor-version":[{"id":30261,"href":"https:\/\/www.estonianspas.eu\/sv\/wp-json\/wp\/v2\/pages\/20984\/revisions\/30261"}],"up":[{"embeddable":true,"href":"https:\/\/www.estonianspas.eu\/sv\/wp-json\/wp\/v2\/pages\/2449"}],"wp:attachment":[{"href":"https:\/\/www.estonianspas.eu\/sv\/wp-json\/wp\/v2\/media?parent=20984"}],"curies":[{"name":"wp","href":"https:\/\/api.w.org\/{rel}","templated":true}]}}