{"id":2572,"date":"2013-09-06T08:49:24","date_gmt":"2013-09-06T08:49:24","guid":{"rendered":"http:\/\/healthrepublic.ee\/?page_id=2572"},"modified":"2013-09-06T08:49:24","modified_gmt":"2013-09-06T08:49:24","slug":"vanliga-fragor","status":"publish","type":"page","link":"https:\/\/www.estonianspas.eu\/sv\/om-oss\/vanliga-fragor\/","title":{"rendered":"Vanliga fr\u00e5gor"},"content":{"rendered":"<p><strong>ESTLANDS MEDICINSKA SPA \u2013 F\u00d6R KROPP &amp; SJ\u00c4L &amp; ETT FRISKARE LIV<\/strong><\/p>\n<p>&nbsp;<\/p>\n<p><strong>Vad \u00e4r skillnaden mellan medical spa och wellness spa?<\/strong><\/p>\n<p>Medical spahotell \u00e4r ett erk\u00e4nt hotell med tillst\u00e5nd att tillhandah\u00e5lla \u00f6ppen v\u00e5rd som specialiserat sig fr\u00e4mst p\u00e5 olika rehabiliteringar, kost och medical spa tj\u00e4nster (t.ex. massage, motionsterapi, vattenmotion, m.m.).<\/p>\n<p>Spa\/wellness spahotell \u00e4r ett erk\u00e4nt hotell som specialiserat sig p\u00e5 olika tj\u00e4nster f\u00f6r v\u00e5rd, avkoppling och andra spa-behandlingar. S\u00e5dana hotell \u00e4r inte skyldiga att inneha en licens f\u00f6r tillhandah\u00e5llande av \u00f6ppen sjukv\u00e5rd. Behandlingstj\u00e4nster erbjuds inte och spa-tj\u00e4nster har en avslappnande och uppfriskande effekt (t.ex. bastu, motion, kroppsv\u00e5rd, yoga, v\u00e4xtbaserade behandlingar och andra produkter f\u00f6r att f\u00f6rb\u00e4ttra h\u00e4lsa, samt andra alternativa metoder).<\/p>\n<p>Begreppet wellness spa inneb\u00e4r mycket h\u00f6g kvalitet och serviceniv\u00e5, personlig service, ett varierat utbud av spa-tj\u00e4nster och fokus p\u00e5 relevanta m\u00e5lgrupper, vilket ocks\u00e5 inneb\u00e4r att endast hotell som uppfyller tre-stj\u00e4rnskrav kan ans\u00f6ka om att bli wellness spa.<\/p>\n<p>Medical spa- \/ wellness spahotell \u00e4r ett h\u00f6gre rankat hotell som erbjuder b\u00e5de medical och wellness spa behandlingar. En kombination av olika kategorier av spahotell \u00e4r m\u00f6jlig om ett hotell vill utveckla sig sj\u00e4lv till ett h\u00f6gre rankat medical och wellness spa.<\/p>\n<p>&nbsp;<\/p>\n<p><strong>Vad b\u00f6r jag veta innan jag planerar en vistelse i ett medical spa?<\/strong><\/p>\n<p>Innan du planerar din spa-semester, rekommenderar vi att du alltid r\u00e5dfr\u00e5gar din l\u00e4kare om f\u00f6ljande tillst\u00e5nd och sjukdomar:<\/p>\n<ul>\n<li>hj\u00e4rt- och cirkulationsproblem, h\u00f6gt eller l\u00e5gt blodtryck<\/li>\n<li>tum\u00f6rer<\/li>\n<li>graviditet<\/li>\n<li>osteoporos<\/li>\n<li>diabetes<\/li>\n<li>astma<\/li>\n<li>sjukdomar i njurar och andra organ<\/li>\n<li>epilepsi<\/li>\n<li>psykotiska st\u00f6rningar<\/li>\n<li>tendens f\u00f6r bl\u00f6dningar<\/li>\n<li>blodsjukdomar<\/li>\n<li>AIDS eller HIV<\/li>\n<\/ul>\n<p>Spabehandlingar \u00e4r f\u00f6rbjudna i h\u00e4ndelse av feber och\/eller virusinfektion eller annan akut sjukdom, men \u00e4ven i h\u00e4ndelse av smittsamma hudsjukdomar.<\/p>\n<p>&nbsp;<\/p>\n<p><strong>Jag \u00e4r bered att fara! Vad b\u00f6r jag veta n\u00e4r jag planerar mina behandlingar?<\/strong><\/p>\n<p>Vi rekommenderar att du l\u00e4ser beskrivningen i medical spa-lexikonet om f\u00f6rfarandet\/behandlingen du \u00e4r intresserad av innan du registrerar dig f\u00f6r det eller att du upps\u00f6ker l\u00e4kare eller spa-administrat\u00f6r. Kunderna m\u00e5ste vara medvetna om vad som v\u00e4ntar dem och hur vi kan g\u00f6ra deras vistelse s\u00e5 bra som m\u00f6jligt.<\/p>\n<p>&nbsp;<\/p>\n<p><strong>Finns det en spa-etikett jag ska f\u00f6lja?\u00a0<\/strong><\/p>\n<ul>\n<li>\u00a0Boka alla dina behandlingstider i f\u00f6rv\u00e4g.<\/li>\n<li>F\u00f6r att behandlingarna ska b\u00f6rja i tid, kom g\u00e4rna 5 minuter f\u00f6r tidigt f\u00f6r att g\u00f6ra dig redo. Om du kommer sent kan det inte garanteras att du f\u00e5r fullst\u00e4ndig behandling.<\/li>\n<li>F\u00f6r behandlingar kl\u00e4 dig i ljusa, bekv\u00e4ma kl\u00e4der, tag av dig klockan och samtliga smycken s\u00e5 att behandlingen kan utf\u00f6ras utan att orsaka n\u00e5got obehag.<\/li>\n<li>Behandlingar f\u00f6r hela kroppen (massage, bad, kroppsv\u00e5rd, m.m.) kr\u00e4ver att du kl\u00e4r av dig. Kroppsv\u00e5rdsspecialisten (mass\u00f6r, kosmetolog, etc.) kommer blottst\u00e4lla endast den kroppsdel som ska behandlas och h\u00e5lla resten av kroppen t\u00e4ckt.<\/li>\n<li>F\u00f6r behandlingar med vatten (f\u00f6rutom bad) \u00e4r det l\u00e4mpligt att anv\u00e4nda baddr\u00e4kt.<\/li>\n<li>T\u00e4nk p\u00e5 de andra g\u00e4sterna: tala inte s\u00e5 h\u00f6gt och dela utrymmet runt dig n\u00e4r du \u00e4r i de gemensamma utrymmena.<\/li>\n<li>Ge kunden f\u00f6re dig tillr\u00e4cklig tid f\u00f6r att slutf\u00f6ra proceduren och g\u00e5 in i rummet n\u00e4r personalen har gett dig tillst\u00e5nd. \u00d6msesidig artighet bidrar till alla g\u00e4sters trivsel.<\/li>\n<li>Om du har barn med dig, ska du inte l\u00e4mna dem utan uppsikt.<\/li>\n<li>Anv\u00e4nd dusch innan anv\u00e4ndning av poolen.<\/li>\n<li>Om inte annat anges, ska du ha din baddr\u00e4kt p\u00e5 n\u00e4r du anv\u00e4nder bastu eller pool-anl\u00e4ggning.<\/li>\n<li>Du uppmanas att inte anv\u00e4nda bastu och pooler i berusat tillst\u00e5nd. Om du g\u00f6r det kan ditt uppf\u00f6rande st\u00f6ra andra g\u00e4ster och \u00e4ven personal samtidigt som du \u00e4ven \u00e4ventyrar din h\u00e4lsa.<\/li>\n<li>Bruk av alkohol eller droger rekommenderas inte i samband med behandlingar. Personalen har r\u00e4tt att v\u00e4gra att betj\u00e4na berusade kunder utan att \u00e5terbetala f\u00f6r tj\u00e4nster som har bokats och betalats f\u00f6r.<\/li>\n<li>Spa fr\u00e4mjar en h\u00e4lsosam livsstil. D\u00e4rf\u00f6r \u00e4r r\u00f6kning begr\u00e4nsad till speciella omr\u00e5den.<\/li>\n<\/ul>\n<p>Varje spa kan ha sina egna ytterligare krav och rekommendationer. S\u00e5 var noga med att l\u00e4sa den lokala etiketten p\u00e5 spaet som du kommer att bo i!<\/p>\n","protected":false},"excerpt":{"rendered":"<p>ESTLANDS MEDICINSKA SPA \u2013 F\u00d6R KROPP &amp; SJ\u00c4L &amp; ETT FRISKARE LIV &nbsp; Vad \u00e4r skillnaden mellan medical spa och wellness spa? Medical spahotell \u00e4r ett erk\u00e4nt hotell med tillst\u00e5nd att tillhandah\u00e5lla \u00f6ppen v\u00e5rd som specialiserat sig fr\u00e4mst p\u00e5 olika rehabiliteringar, kost och medical spa tj\u00e4nster (t.ex. massage, motionsterapi, vattenmotion, m.m.). Spa\/wellness spahotell \u00e4r ett&#8230;<\/p>\n","protected":false},"author":8,"featured_media":0,"parent":2449,"menu_order":0,"comment_status":"open","ping_status":"closed","template":"","meta":{"_acf_changed":false,"footnotes":""},"acf":[],"yoast_head":"<!-- This site is optimized with the Yoast SEO plugin v22.8 - https:\/\/yoast.com\/wordpress\/plugins\/seo\/ -->\n<title>Vanliga fr\u00e5gor - Estlands Spaf\u00f6rbund<\/title>\n<meta name=\"robots\" content=\"index, follow, max-snippet:-1, max-image-preview:large, max-video-preview:-1\" \/>\n<link rel=\"canonical\" href=\"https:\/\/www.estonianspas.eu\/sv\/om-oss\/vanliga-fragor\/\" \/>\n<meta property=\"og:locale\" content=\"sv_SE\" \/>\n<meta property=\"og:type\" content=\"article\" \/>\n<meta property=\"og:title\" content=\"Vanliga fr\u00e5gor - Estlands Spaf\u00f6rbund\" \/>\n<meta property=\"og:description\" content=\"ESTLANDS MEDICINSKA SPA \u2013 F\u00d6R KROPP &amp; SJ\u00c4L &amp; ETT FRISKARE LIV &nbsp; Vad \u00e4r skillnaden mellan medical spa och wellness spa? Medical spahotell \u00e4r ett erk\u00e4nt hotell med tillst\u00e5nd att tillhandah\u00e5lla \u00f6ppen v\u00e5rd som specialiserat sig fr\u00e4mst p\u00e5 olika rehabiliteringar, kost och medical spa tj\u00e4nster (t.ex. massage, motionsterapi, vattenmotion, m.m.). Spa\/wellness spahotell \u00e4r ett...\" \/>\n<meta property=\"og:url\" content=\"https:\/\/www.estonianspas.eu\/sv\/om-oss\/vanliga-fragor\/\" \/>\n<meta property=\"og:site_name\" content=\"Estlands Spaf\u00f6rbund\" \/>\n<meta name=\"twitter:label1\" content=\"Ber\u00e4knad l\u00e4stid\" \/>\n\t<meta name=\"twitter:data1\" content=\"4 minuter\" \/>\n<script type=\"application\/ld+json\" class=\"yoast-schema-graph\">{\"@context\":\"https:\/\/schema.org\",\"@graph\":[{\"@type\":\"WebPage\",\"@id\":\"https:\/\/www.estonianspas.eu\/sv\/om-oss\/vanliga-fragor\/\",\"url\":\"https:\/\/www.estonianspas.eu\/sv\/om-oss\/vanliga-fragor\/\",\"name\":\"Vanliga fr\u00e5gor - Estlands Spaf\u00f6rbund\",\"isPartOf\":{\"@id\":\"https:\/\/www.estonianspas.eu\/#website\"},\"datePublished\":\"2013-09-06T08:49:24+00:00\",\"dateModified\":\"2013-09-06T08:49:24+00:00\",\"breadcrumb\":{\"@id\":\"https:\/\/www.estonianspas.eu\/sv\/om-oss\/vanliga-fragor\/#breadcrumb\"},\"inLanguage\":\"sv-SE\",\"potentialAction\":[{\"@type\":\"ReadAction\",\"target\":[\"https:\/\/www.estonianspas.eu\/sv\/om-oss\/vanliga-fragor\/\"]}]},{\"@type\":\"BreadcrumbList\",\"@id\":\"https:\/\/www.estonianspas.eu\/sv\/om-oss\/vanliga-fragor\/#breadcrumb\",\"itemListElement\":[{\"@type\":\"ListItem\",\"position\":1,\"name\":\"Avaleht\",\"item\":\"https:\/\/www.estonianspas.eu\/sv\/\"},{\"@type\":\"ListItem\",\"position\":2,\"name\":\"Om oss\",\"item\":\"https:\/\/www.estonianspas.eu\/sv\/om-oss\/\"},{\"@type\":\"ListItem\",\"position\":3,\"name\":\"Vanliga fr\u00e5gor\"}]},{\"@type\":\"WebSite\",\"@id\":\"https:\/\/www.estonianspas.eu\/#website\",\"url\":\"https:\/\/www.estonianspas.eu\/\",\"name\":\"Estlands Spaf\u00f6rbund\",\"description\":\"Eesti Spaaliit\",\"potentialAction\":[{\"@type\":\"SearchAction\",\"target\":{\"@type\":\"EntryPoint\",\"urlTemplate\":\"https:\/\/www.estonianspas.eu\/?s={search_term_string}\"},\"query-input\":\"required name=search_term_string\"}],\"inLanguage\":\"sv-SE\"}]}<\/script>\n<!-- \/ Yoast SEO plugin. -->","yoast_head_json":{"title":"Vanliga fr\u00e5gor - Estlands Spaf\u00f6rbund","robots":{"index":"index","follow":"follow","max-snippet":"max-snippet:-1","max-image-preview":"max-image-preview:large","max-video-preview":"max-video-preview:-1"},"canonical":"https:\/\/www.estonianspas.eu\/sv\/om-oss\/vanliga-fragor\/","og_locale":"sv_SE","og_type":"article","og_title":"Vanliga fr\u00e5gor - Estlands Spaf\u00f6rbund","og_description":"ESTLANDS MEDICINSKA SPA \u2013 F\u00d6R KROPP &amp; SJ\u00c4L &amp; ETT FRISKARE LIV &nbsp; Vad \u00e4r skillnaden mellan medical spa och wellness spa? Medical spahotell \u00e4r ett erk\u00e4nt hotell med tillst\u00e5nd att tillhandah\u00e5lla \u00f6ppen v\u00e5rd som specialiserat sig fr\u00e4mst p\u00e5 olika rehabiliteringar, kost och medical spa tj\u00e4nster (t.ex. massage, motionsterapi, vattenmotion, m.m.). Spa\/wellness spahotell \u00e4r ett...","og_url":"https:\/\/www.estonianspas.eu\/sv\/om-oss\/vanliga-fragor\/","og_site_name":"Estlands Spaf\u00f6rbund","twitter_misc":{"Ber\u00e4knad l\u00e4stid":"4 minuter"},"schema":{"@context":"https:\/\/schema.org","@graph":[{"@type":"WebPage","@id":"https:\/\/www.estonianspas.eu\/sv\/om-oss\/vanliga-fragor\/","url":"https:\/\/www.estonianspas.eu\/sv\/om-oss\/vanliga-fragor\/","name":"Vanliga fr\u00e5gor - Estlands Spaf\u00f6rbund","isPartOf":{"@id":"https:\/\/www.estonianspas.eu\/#website"},"datePublished":"2013-09-06T08:49:24+00:00","dateModified":"2013-09-06T08:49:24+00:00","breadcrumb":{"@id":"https:\/\/www.estonianspas.eu\/sv\/om-oss\/vanliga-fragor\/#breadcrumb"},"inLanguage":"sv-SE","potentialAction":[{"@type":"ReadAction","target":["https:\/\/www.estonianspas.eu\/sv\/om-oss\/vanliga-fragor\/"]}]},{"@type":"BreadcrumbList","@id":"https:\/\/www.estonianspas.eu\/sv\/om-oss\/vanliga-fragor\/#breadcrumb","itemListElement":[{"@type":"ListItem","position":1,"name":"Avaleht","item":"https:\/\/www.estonianspas.eu\/sv\/"},{"@type":"ListItem","position":2,"name":"Om oss","item":"https:\/\/www.estonianspas.eu\/sv\/om-oss\/"},{"@type":"ListItem","position":3,"name":"Vanliga fr\u00e5gor"}]},{"@type":"WebSite","@id":"https:\/\/www.estonianspas.eu\/#website","url":"https:\/\/www.estonianspas.eu\/","name":"Estlands Spaf\u00f6rbund","description":"Eesti Spaaliit","potentialAction":[{"@type":"SearchAction","target":{"@type":"EntryPoint","urlTemplate":"https:\/\/www.estonianspas.eu\/?s={search_term_string}"},"query-input":"required name=search_term_string"}],"inLanguage":"sv-SE"}]}},"_links":{"self":[{"href":"https:\/\/www.estonianspas.eu\/sv\/wp-json\/wp\/v2\/pages\/2572"}],"collection":[{"href":"https:\/\/www.estonianspas.eu\/sv\/wp-json\/wp\/v2\/pages"}],"about":[{"href":"https:\/\/www.estonianspas.eu\/sv\/wp-json\/wp\/v2\/types\/page"}],"author":[{"embeddable":true,"href":"https:\/\/www.estonianspas.eu\/sv\/wp-json\/wp\/v2\/users\/8"}],"replies":[{"embeddable":true,"href":"https:\/\/www.estonianspas.eu\/sv\/wp-json\/wp\/v2\/comments?post=2572"}],"version-history":[{"count":0,"href":"https:\/\/www.estonianspas.eu\/sv\/wp-json\/wp\/v2\/pages\/2572\/revisions"}],"up":[{"embeddable":true,"href":"https:\/\/www.estonianspas.eu\/sv\/wp-json\/wp\/v2\/pages\/2449"}],"wp:attachment":[{"href":"https:\/\/www.estonianspas.eu\/sv\/wp-json\/wp\/v2\/media?parent=2572"}],"curies":[{"name":"wp","href":"https:\/\/api.w.org\/{rel}","templated":true}]}}